{"id":5563,"date":"2018-11-21T18:27:24","date_gmt":"2018-11-21T17:27:24","guid":{"rendered":"https:\/\/flagprint.ch\/material\/"},"modified":"2025-03-13T10:16:27","modified_gmt":"2025-03-13T09:16:27","slug":"materiaux","status":"publish","type":"page","link":"https:\/\/flagprint.ch\/fr\/info\/materiaux\/","title":{"rendered":"Mat\u00e9riaux"},"content":{"rendered":"\t\t<div data-elementor-type=\"wp-post\" data-elementor-id=\"5563\" class=\"elementor elementor-5563 elementor-1039\" data-elementor-post-type=\"page\">\n\t\t\t\t\t\t<section class=\"elementor-section elementor-top-section elementor-element elementor-element-b2d3b4d   elementor-section-height-min-height elementor-section-items-bottom elementor-section-content-bottom elementor-section-boxed elementor-section-height-default\" data-id=\"b2d3b4d\" data-element_type=\"section\" data-e-type=\"section\" data-settings=\"{&quot;background_background&quot;:&quot;classic&quot;,&quot;shape_divider_bottom&quot;:&quot;tilt&quot;}\">\n\t\t\t\t\t\t\t<div class=\"elementor-background-overlay\"><\/div>\n\t\t\t\t\t\t<div class=\"elementor-shape elementor-shape-bottom\" aria-hidden=\"true\" data-negative=\"false\">\n\t\t\t<svg xmlns=\"http:\/\/www.w3.org\/2000\/svg\" viewBox=\"0 0 1000 100\" preserveAspectRatio=\"none\">\n\t<path class=\"elementor-shape-fill\" d=\"M0,6V0h1000v100L0,6z\"\/>\n<\/svg>\t\t<\/div>\n\t\t\t\t\t<div class=\"elementor-container elementor-column-gap-default\">\n\t\t\t\t\t<div class=\"elementor-column elementor-col-100 elementor-top-column elementor-element elementor-element-2bd6b77\" data-id=\"2bd6b77\" data-element_type=\"column\" data-e-type=\"column\">\n\t\t\t<div class=\"elementor-widget-wrap elementor-element-populated\">\n\t\t\t\t\t\t<div class=\"elementor-element elementor-element-dcb4688 elementor-widget elementor-widget-heading\" data-id=\"dcb4688\" data-element_type=\"widget\" data-e-type=\"widget\" data-widget_type=\"heading.default\">\n\t\t\t\t<div class=\"elementor-widget-container\">\n\t\t\t\t\t<h1 class=\"elementor-heading-title elementor-size-default\">Mat\u00e9riaux<\/h1>\t\t\t\t<\/div>\n\t\t\t\t<\/div>\n\t\t\t\t\t<\/div>\n\t\t<\/div>\n\t\t\t\t\t<\/div>\n\t\t<\/section>\n\t\t\t\t<section class=\"elementor-section elementor-top-section elementor-element elementor-element-dbeb78b elementor-section-boxed elementor-section-height-default elementor-section-height-default\" data-id=\"dbeb78b\" data-element_type=\"section\" data-e-type=\"section\">\n\t\t\t\t\t\t<div class=\"elementor-container elementor-column-gap-default\">\n\t\t\t\t\t<div class=\"elementor-column elementor-col-100 elementor-top-column elementor-element elementor-element-7bb77d1\" data-id=\"7bb77d1\" data-element_type=\"column\" data-e-type=\"column\">\n\t\t\t<div class=\"elementor-widget-wrap elementor-element-populated\">\n\t\t\t\t\t\t<div class=\"elementor-element elementor-element-dd2bbec elementor-widget elementor-widget-heading\" data-id=\"dd2bbec\" data-element_type=\"widget\" data-e-type=\"widget\" data-widget_type=\"heading.default\">\n\t\t\t\t<div class=\"elementor-widget-container\">\n\t\t\t\t\t<h2 class=\"elementor-heading-title elementor-size-xxl\">Authenticit\u00e9<\/h2>\t\t\t\t<\/div>\n\t\t\t\t<\/div>\n\t\t\t\t<div class=\"elementor-element elementor-element-5c5db39 lead elementor-widget elementor-widget-text-editor\" data-id=\"5c5db39\" data-element_type=\"widget\" data-e-type=\"widget\" data-widget_type=\"text-editor.default\">\n\t\t\t\t<div class=\"elementor-widget-container\">\n\t\t\t\t\t\t\t\t\t<p>Les mat\u00e9riaux que nous utilisons sont ignifug\u00e9s et certifi\u00e9s B1.\u00a0Sur les salons ou dans les lieux publics, les certificats B1 peuvent \u00eatre exig\u00e9s pour des raisons s\u00e9curitaires.\u00a0N\u2019h\u00e9sitez pas \u00e0 nous les demander.<\/p>\t\t\t\t\t\t\t\t<\/div>\n\t\t\t\t<\/div>\n\t\t\t\t<div class=\"elementor-element elementor-element-ee7ad46 elementor-widget-divider--view-line elementor-widget elementor-widget-divider\" data-id=\"ee7ad46\" data-element_type=\"widget\" data-e-type=\"widget\" data-widget_type=\"divider.default\">\n\t\t\t\t<div class=\"elementor-widget-container\">\n\t\t\t\t\t\t\t<div class=\"elementor-divider\">\n\t\t\t<span class=\"elementor-divider-separator\">\n\t\t\t\t\t\t<\/span>\n\t\t<\/div>\n\t\t\t\t\t\t<\/div>\n\t\t\t\t<\/div>\n\t\t\t\t<div class=\"elementor-element elementor-element-5709850 elementor-widget elementor-widget-heading\" data-id=\"5709850\" data-element_type=\"widget\" data-e-type=\"widget\" data-widget_type=\"heading.default\">\n\t\t\t\t<div class=\"elementor-widget-container\">\n\t\t\t\t\t<h2 class=\"elementor-heading-title elementor-size-xxl\">Durabilit\u00e9<\/h2>\t\t\t\t<\/div>\n\t\t\t\t<\/div>\n\t\t\t\t<div class=\"elementor-element elementor-element-68abc36 lead elementor-widget elementor-widget-text-editor\" data-id=\"68abc36\" data-element_type=\"widget\" data-e-type=\"widget\" data-widget_type=\"text-editor.default\">\n\t\t\t\t<div class=\"elementor-widget-container\">\n\t\t\t\t\t\t\t\t\tUtilisations \u00e0 l\u2019int\u00e9rieur : pas de restrictions connues, il faut cependant ne pas n\u00e9gliger les effets des rayons UV!\u00a0Utilisations \u00e0 l\u2019ext\u00e9rieur : les drapeaux publicitaires pr\u00e9sentent les m\u00eames caract\u00e9ristiques que la plupart des autres textiles pour supports publicitaires.\u00a0Pour une utilisation continue chaque jour, la dur\u00e9e de vie est \u00e9valu\u00e9e \u00e0 env. 6 mois avec une tol\u00e9rance de 50 % en plus ou en moins.\t\t\t\t\t\t\t\t<\/div>\n\t\t\t\t<\/div>\n\t\t\t\t<div class=\"elementor-element elementor-element-27ecb5d elementor-widget elementor-widget-text-editor\" data-id=\"27ecb5d\" data-element_type=\"widget\" data-e-type=\"widget\" data-widget_type=\"text-editor.default\">\n\t\t\t\t<div class=\"elementor-widget-container\">\n\t\t\t\t\t\t\t\t\t<p><strong>Cette tol\u00e9rance s\u2019explique par:<\/strong><\/p><ol><li>les conditions climatiques et l\u2019influence du vent, en fonction des r\u00e9gions<\/li><li>la pollution de l\u2019air qui varie selon les r\u00e9gions (dioxyde de soufre)<\/li><\/ol>\t\t\t\t\t\t\t\t<\/div>\n\t\t\t\t<\/div>\n\t\t\t\t<div class=\"elementor-element elementor-element-8653d37 elementor-widget-divider--view-line elementor-widget elementor-widget-divider\" data-id=\"8653d37\" data-element_type=\"widget\" data-e-type=\"widget\" data-widget_type=\"divider.default\">\n\t\t\t\t<div class=\"elementor-widget-container\">\n\t\t\t\t\t\t\t<div class=\"elementor-divider\">\n\t\t\t<span class=\"elementor-divider-separator\">\n\t\t\t\t\t\t<\/span>\n\t\t<\/div>\n\t\t\t\t\t\t<\/div>\n\t\t\t\t<\/div>\n\t\t\t\t<div class=\"elementor-element elementor-element-37b415a elementor-widget elementor-widget-spacer\" data-id=\"37b415a\" data-element_type=\"widget\" data-e-type=\"widget\" data-widget_type=\"spacer.default\">\n\t\t\t\t<div class=\"elementor-widget-container\">\n\t\t\t\t\t\t\t<div class=\"elementor-spacer\">\n\t\t\t<div class=\"elementor-spacer-inner\"><\/div>\n\t\t<\/div>\n\t\t\t\t\t\t<\/div>\n\t\t\t\t<\/div>\n\t\t\t\t\t<\/div>\n\t\t<\/div>\n\t\t\t\t\t<\/div>\n\t\t<\/section>\n\t\t\t\t<section class=\"elementor-section elementor-top-section elementor-element elementor-element-ef0e63e elementor-section-boxed elementor-section-height-default elementor-section-height-default\" data-id=\"ef0e63e\" data-element_type=\"section\" data-e-type=\"section\">\n\t\t\t\t\t\t<div class=\"elementor-container elementor-column-gap-default\">\n\t\t\t\t\t<div class=\"elementor-column elementor-col-33 elementor-top-column elementor-element elementor-element-a422ed2\" data-id=\"a422ed2\" data-element_type=\"column\" data-e-type=\"column\" data-settings=\"{&quot;background_background&quot;:&quot;classic&quot;}\">\n\t\t\t<div class=\"elementor-widget-wrap elementor-element-populated\">\n\t\t\t\t\t\t<div class=\"elementor-element elementor-element-f3aef1a elementor-widget elementor-widget-heading\" data-id=\"f3aef1a\" data-element_type=\"widget\" data-e-type=\"widget\" data-widget_type=\"heading.default\">\n\t\t\t\t<div class=\"elementor-widget-container\">\n\t\t\t\t\t<h3 class=\"elementor-heading-title elementor-size-xl\">Art Canvas<\/h3>\t\t\t\t<\/div>\n\t\t\t\t<\/div>\n\t\t\t\t<div class=\"elementor-element elementor-element-dee8db1 elementor-widget elementor-widget-text-editor\" data-id=\"dee8db1\" data-element_type=\"widget\" data-e-type=\"widget\" data-widget_type=\"text-editor.default\">\n\t\t\t\t<div class=\"elementor-widget-container\">\n\t\t\t\t\t\t\t\t\t<ul><li>Applications: banderoles publicitaires, d\u00e9corations de sc\u00e8ne, reproductions artistiques<\/li><li>Utilisation: \u00e0 l\u2019int\u00e9rieur<\/li><li>Tissu:\u00a0100 % polyester, sans impression traversante<\/li><li>Poids:\u00a0env. 330 g\/m\u00b2<\/li><li>Largeur d\u2019impression:\u00a0jusqu\u2019\u00e0 150 cm maxi (toutes les largeurs ne sont pas disponibles en stock)<\/li><li>Information:\u00a0difficilement inflammable B1<\/li><\/ul>\t\t\t\t\t\t\t\t<\/div>\n\t\t\t\t<\/div>\n\t\t\t\t\t<\/div>\n\t\t<\/div>\n\t\t\t\t<div class=\"elementor-column elementor-col-33 elementor-top-column elementor-element elementor-element-3a8703b\" data-id=\"3a8703b\" data-element_type=\"column\" data-e-type=\"column\" data-settings=\"{&quot;background_background&quot;:&quot;classic&quot;}\">\n\t\t\t<div class=\"elementor-widget-wrap elementor-element-populated\">\n\t\t\t\t\t\t<div class=\"elementor-element elementor-element-531a282 elementor-widget elementor-widget-heading\" data-id=\"531a282\" data-element_type=\"widget\" data-e-type=\"widget\" data-widget_type=\"heading.default\">\n\t\t\t\t<div class=\"elementor-widget-container\">\n\t\t\t\t\t<h3 class=\"elementor-heading-title elementor-size-xl\">Jetflag<\/h3>\t\t\t\t<\/div>\n\t\t\t\t<\/div>\n\t\t\t\t<div class=\"elementor-element elementor-element-63bdb39 elementor-widget elementor-widget-text-editor\" data-id=\"63bdb39\" data-element_type=\"widget\" data-e-type=\"widget\" data-widget_type=\"text-editor.default\">\n\t\t\t\t<div class=\"elementor-widget-container\">\n\t\t\t\t\t\t\t\t\t<ul><li>Applications: drapeaux, banderoles publicitaires, cloisons, d\u00e9corations<\/li><li>Utilisation: \u00e0 l\u2019ext\u00e9rieur et \u00e0 l\u2019int\u00e9rieur<\/li><li>Tissu:\u00a0100 % polyester, avec impression traversante au verso, l\u00e9g\u00e8rement transparent<\/li><li>Poids:\u00a0env. 110 g\/m\u00b2<\/li><li>Largeur d\u2019impression:\u00a0d\u2019un seul tenant jusqu\u2019\u00e0 320 cm<\/li><li>Information:\u00a0difficilement inflammable B1 ou sans B1 pour les drapeaux<\/li><\/ul>\t\t\t\t\t\t\t\t<\/div>\n\t\t\t\t<\/div>\n\t\t\t\t\t<\/div>\n\t\t<\/div>\n\t\t\t\t<div class=\"elementor-column elementor-col-33 elementor-top-column elementor-element elementor-element-39b274d\" data-id=\"39b274d\" data-element_type=\"column\" data-e-type=\"column\" data-settings=\"{&quot;background_background&quot;:&quot;classic&quot;}\">\n\t\t\t<div class=\"elementor-widget-wrap elementor-element-populated\">\n\t\t\t\t\t\t<div class=\"elementor-element elementor-element-81de11f elementor-widget elementor-widget-heading\" data-id=\"81de11f\" data-element_type=\"widget\" data-e-type=\"widget\" data-widget_type=\"heading.default\">\n\t\t\t\t<div class=\"elementor-widget-container\">\n\t\t\t\t\t<h3 class=\"elementor-heading-title elementor-size-xl\">Jetflag Premium<\/h3>\t\t\t\t<\/div>\n\t\t\t\t<\/div>\n\t\t\t\t<div class=\"elementor-element elementor-element-08fb0f7 elementor-widget elementor-widget-text-editor\" data-id=\"08fb0f7\" data-element_type=\"widget\" data-e-type=\"widget\" data-widget_type=\"text-editor.default\">\n\t\t\t\t<div class=\"elementor-widget-container\">\n\t\t\t\t\t\t\t\t\t<ul><li>Applications: drapeaux, banderoles publicitaires, cloisons, d\u00e9corations<\/li><li>Utilisation: \u00e0 l\u2019ext\u00e9rieur et \u00e0 l\u2019int\u00e9rieur<\/li><li>Tissu: 100 % polyester, l\u00e9g\u00e8rement transparent, haute r\u00e9sistance<\/li><li>Poids:\u00a0env. 165 g\/m\u00b2<\/li><li>Largeur d\u2019impression: d\u2019un seul tenant jusqu\u2019\u00e0 190 cm<\/li><li>Information: 100% impression traversante au verso<\/li><\/ul>\t\t\t\t\t\t\t\t<\/div>\n\t\t\t\t<\/div>\n\t\t\t\t\t<\/div>\n\t\t<\/div>\n\t\t\t\t\t<\/div>\n\t\t<\/section>\n\t\t\t\t<section class=\"elementor-section elementor-top-section elementor-element elementor-element-d45c4ba elementor-section-boxed elementor-section-height-default elementor-section-height-default\" data-id=\"d45c4ba\" data-element_type=\"section\" data-e-type=\"section\">\n\t\t\t\t\t\t<div class=\"elementor-container elementor-column-gap-default\">\n\t\t\t\t\t<div class=\"elementor-column elementor-col-33 elementor-top-column elementor-element elementor-element-2f0df7f\" data-id=\"2f0df7f\" data-element_type=\"column\" data-e-type=\"column\" data-settings=\"{&quot;background_background&quot;:&quot;classic&quot;}\">\n\t\t\t<div class=\"elementor-widget-wrap elementor-element-populated\">\n\t\t\t\t\t\t<div class=\"elementor-element elementor-element-22d4136 elementor-widget elementor-widget-heading\" data-id=\"22d4136\" data-element_type=\"widget\" data-e-type=\"widget\" data-widget_type=\"heading.default\">\n\t\t\t\t<div class=\"elementor-widget-container\">\n\t\t\t\t\t<h3 class=\"elementor-heading-title elementor-size-xl\">Dekotex<\/h3>\t\t\t\t<\/div>\n\t\t\t\t<\/div>\n\t\t\t\t<div class=\"elementor-element elementor-element-bd25924 elementor-widget elementor-widget-text-editor\" data-id=\"bd25924\" data-element_type=\"widget\" data-e-type=\"widget\" data-widget_type=\"text-editor.default\">\n\t\t\t\t<div class=\"elementor-widget-container\">\n\t\t\t\t\t\t\t\t\t<ul><li>Applications: banderoles publicitaires, banderoles de salons, d\u00e9corations, displays<\/li><li>Utilisation: \u00e0 l\u2019ext\u00e9rieur et \u00e0 l\u2019int\u00e9rieur<\/li><li>Tissu:\u00a0100 % polyester, sans impression traversante<\/li><li>Poids:\u00a0env. 210 g\/m\u00b2<\/li><li>Largeur d\u2019impression:\u00a0d\u2019un seul tenant jusqu\u2019\u00e0 320 cm<\/li><li>Information: difficilement inflammable B1, technologie nano aussi disponible<\/li><\/ul>\t\t\t\t\t\t\t\t<\/div>\n\t\t\t\t<\/div>\n\t\t\t\t\t<\/div>\n\t\t<\/div>\n\t\t\t\t<div class=\"elementor-column elementor-col-33 elementor-top-column elementor-element elementor-element-686d49e\" data-id=\"686d49e\" data-element_type=\"column\" data-e-type=\"column\" data-settings=\"{&quot;background_background&quot;:&quot;classic&quot;}\">\n\t\t\t<div class=\"elementor-widget-wrap elementor-element-populated\">\n\t\t\t\t\t\t<div class=\"elementor-element elementor-element-a9320e8 elementor-widget elementor-widget-heading\" data-id=\"a9320e8\" data-element_type=\"widget\" data-e-type=\"widget\" data-widget_type=\"heading.default\">\n\t\t\t\t<div class=\"elementor-widget-container\">\n\t\t\t\t\t<h3 class=\"elementor-heading-title elementor-size-xl\">Blockout<\/h3>\t\t\t\t<\/div>\n\t\t\t\t<\/div>\n\t\t\t\t<div class=\"elementor-element elementor-element-6421da9 elementor-widget elementor-widget-text-editor\" data-id=\"6421da9\" data-element_type=\"widget\" data-e-type=\"widget\" data-widget_type=\"text-editor.default\">\n\t\t\t\t<div class=\"elementor-widget-container\">\n\t\t\t\t\t\t\t\t\t<ul><li>Applications: display systems, aluframes, rideaux, rollos<\/li><li>Utilisation: \u00e0 l\u2019int\u00e9rieur<\/li><li>Tissu:\u00a0100% Polyester, absolument opaque<\/li><li>Poids:\u00a0env. 250 g\/m\u00b2<\/li><li>Largeur d\u2019impression: jusqu\u2019\u00e0 320 cm maxi (toutes les largeurs ne sont pas disponibles en stock)<\/li><li>Information:\u00a0difficilement inflammable B1<\/li><\/ul>\t\t\t\t\t\t\t\t<\/div>\n\t\t\t\t<\/div>\n\t\t\t\t\t<\/div>\n\t\t<\/div>\n\t\t\t\t<div class=\"elementor-column elementor-col-33 elementor-top-column elementor-element elementor-element-d37ff25\" data-id=\"d37ff25\" data-element_type=\"column\" data-e-type=\"column\" data-settings=\"{&quot;background_background&quot;:&quot;classic&quot;}\">\n\t\t\t<div class=\"elementor-widget-wrap elementor-element-populated\">\n\t\t\t\t\t\t<div class=\"elementor-element elementor-element-112f567 elementor-widget elementor-widget-heading\" data-id=\"112f567\" data-element_type=\"widget\" data-e-type=\"widget\" data-widget_type=\"heading.default\">\n\t\t\t\t<div class=\"elementor-widget-container\">\n\t\t\t\t\t<h3 class=\"elementor-heading-title elementor-size-xl\">Semisatin Premium<\/h3>\t\t\t\t<\/div>\n\t\t\t\t<\/div>\n\t\t\t\t<div class=\"elementor-element elementor-element-d081942 elementor-widget elementor-widget-text-editor\" data-id=\"d081942\" data-element_type=\"widget\" data-e-type=\"widget\" data-widget_type=\"text-editor.default\">\n\t\t\t\t<div class=\"elementor-widget-container\">\n\t\t\t\t\t\t\t\t\t<ul><li>Applications: publicit\u00e9 \u00e9clair\u00e9e par l\u2019arri\u00e8re indoor<\/li><li>Utilisation: \u00e0 l\u2019int\u00e9rieur<\/li><li>Tissu: 100 % polyester, sans impression traversante, infroissable, opaque<\/li><li>Poids:\u00a0env. 215 g\/m\u00b2<\/li><li>Largeur d\u2019impression:\u00a0jusqu\u2019\u00e0 315 cm maxi<\/li><li>Information:\u00a0difficilement inflammable B1<\/li><\/ul>\t\t\t\t\t\t\t\t<\/div>\n\t\t\t\t<\/div>\n\t\t\t\t\t<\/div>\n\t\t<\/div>\n\t\t\t\t\t<\/div>\n\t\t<\/section>\n\t\t\t\t<section class=\"elementor-section elementor-top-section elementor-element elementor-element-0ed552b elementor-section-boxed elementor-section-height-default elementor-section-height-default\" data-id=\"0ed552b\" data-element_type=\"section\" data-e-type=\"section\">\n\t\t\t\t\t\t<div class=\"elementor-container elementor-column-gap-default\">\n\t\t\t\t\t<div class=\"elementor-column elementor-col-33 elementor-top-column elementor-element elementor-element-d392533\" data-id=\"d392533\" data-element_type=\"column\" data-e-type=\"column\" data-settings=\"{&quot;background_background&quot;:&quot;classic&quot;}\">\n\t\t\t<div class=\"elementor-widget-wrap elementor-element-populated\">\n\t\t\t\t\t\t<div class=\"elementor-element elementor-element-0111e42 elementor-widget elementor-widget-heading\" data-id=\"0111e42\" data-element_type=\"widget\" data-e-type=\"widget\" data-widget_type=\"heading.default\">\n\t\t\t\t<div class=\"elementor-widget-container\">\n\t\t\t\t\t<h3 class=\"elementor-heading-title elementor-size-xl\">Tafetta<\/h3>\t\t\t\t<\/div>\n\t\t\t\t<\/div>\n\t\t\t\t<div class=\"elementor-element elementor-element-26aa93e elementor-widget elementor-widget-text-editor\" data-id=\"26aa93e\" data-element_type=\"widget\" data-e-type=\"widget\" data-widget_type=\"text-editor.default\">\n\t\t\t\t<div class=\"elementor-widget-container\">\n\t\t\t\t\t\t\t\t\t<ul><li>Applications: banderoles, displays, d\u00e9corations<\/li><li>Utilisation: \u00e0 l\u2019int\u00e9rieur<\/li><li>Tissu:\u00a0100 % polyester, avec impression traversante au verso<\/li><li>Poids:\u00a0env. 60 g\/m\u00b2<\/li><li>Largeur d\u2019impression:\u00a0d\u2019un seul tenant jusqu\u2019\u00e0 253 cm<\/li><li>Information:\u00a0difficilement inflammable B1<\/li><\/ul>\t\t\t\t\t\t\t\t<\/div>\n\t\t\t\t<\/div>\n\t\t\t\t\t<\/div>\n\t\t<\/div>\n\t\t\t\t<div class=\"elementor-column elementor-col-33 elementor-top-column elementor-element elementor-element-64b39ed\" data-id=\"64b39ed\" data-element_type=\"column\" data-e-type=\"column\" data-settings=\"{&quot;background_background&quot;:&quot;classic&quot;}\">\n\t\t\t<div class=\"elementor-widget-wrap elementor-element-populated\">\n\t\t\t\t\t\t<div class=\"elementor-element elementor-element-4613461 elementor-widget elementor-widget-heading\" data-id=\"4613461\" data-element_type=\"widget\" data-e-type=\"widget\" data-widget_type=\"heading.default\">\n\t\t\t\t<div class=\"elementor-widget-container\">\n\t\t\t\t\t<h3 class=\"elementor-heading-title elementor-size-xl\">Voile<\/h3>\t\t\t\t<\/div>\n\t\t\t\t<\/div>\n\t\t\t\t<div class=\"elementor-element elementor-element-e408358 elementor-widget elementor-widget-text-editor\" data-id=\"e408358\" data-element_type=\"widget\" data-e-type=\"widget\" data-widget_type=\"text-editor.default\">\n\t\t\t\t<div class=\"elementor-widget-container\">\n\t\t\t\t\t\t\t\t\t<ul><li>Applications: banderoles, tableaux pour displays, d\u00e9corations<\/li><li>Utilisation: \u00e0 l\u2019int\u00e9rieur<\/li><li>Tissu: 100 % polyester, avec impression traversante au verso, hautement transparent<\/li><li>Poids:\u00a0env. 52 g\/m\u00b2<\/li><li>Largeur d\u2019impression:\u00a0d\u2019un seul tenant jusqu\u2019\u00e0 310 cm<\/li><li>Information:\u00a0difficilement inflammable B1<\/li><\/ul>\t\t\t\t\t\t\t\t<\/div>\n\t\t\t\t<\/div>\n\t\t\t\t\t<\/div>\n\t\t<\/div>\n\t\t\t\t<div class=\"elementor-column elementor-col-33 elementor-top-column elementor-element elementor-element-1479893\" data-id=\"1479893\" data-element_type=\"column\" data-e-type=\"column\" data-settings=\"{&quot;background_background&quot;:&quot;classic&quot;}\">\n\t\t\t<div class=\"elementor-widget-wrap elementor-element-populated\">\n\t\t\t\t\t\t<div class=\"elementor-element elementor-element-9065edb elementor-widget elementor-widget-heading\" data-id=\"9065edb\" data-element_type=\"widget\" data-e-type=\"widget\" data-widget_type=\"heading.default\">\n\t\t\t\t<div class=\"elementor-widget-container\">\n\t\t\t\t\t<h3 class=\"elementor-heading-title elementor-size-xl\">PVC-Frontlit<\/h3>\t\t\t\t<\/div>\n\t\t\t\t<\/div>\n\t\t\t\t<div class=\"elementor-element elementor-element-8c8c6a1 elementor-widget elementor-widget-text-editor\" data-id=\"8c8c6a1\" data-element_type=\"widget\" data-e-type=\"widget\" data-widget_type=\"text-editor.default\">\n\t\t\t\t<div class=\"elementor-widget-container\">\n\t\t\t\t\t\t\t\t\t<ul><li>Applications: banderole publicitaire, publicit\u00e9 de fa\u00e7ade<\/li><li>Utilisation: \u00e0 l\u2019ext\u00e9rieur<\/li><li>Tissu:\u00a0100 % PVC<\/li><li>Poids:\u00a0env. 450 g\/m\u00b2<\/li><li>Largeur d\u2019impression:\u00a0d\u2019un seul tenant jusqu\u2019\u00e0 500 cm<\/li><li>Information:\u00a0difficilement inflammable B1<\/li><\/ul>\t\t\t\t\t\t\t\t<\/div>\n\t\t\t\t<\/div>\n\t\t\t\t\t<\/div>\n\t\t<\/div>\n\t\t\t\t\t<\/div>\n\t\t<\/section>\n\t\t\t\t<section class=\"elementor-section elementor-top-section elementor-element elementor-element-38d1fd2 elementor-section-boxed elementor-section-height-default elementor-section-height-default\" data-id=\"38d1fd2\" data-element_type=\"section\" data-e-type=\"section\">\n\t\t\t\t\t\t<div class=\"elementor-container elementor-column-gap-default\">\n\t\t\t\t\t<div class=\"elementor-column elementor-col-33 elementor-top-column elementor-element elementor-element-1239988\" data-id=\"1239988\" data-element_type=\"column\" data-e-type=\"column\" data-settings=\"{&quot;background_background&quot;:&quot;classic&quot;}\">\n\t\t\t<div class=\"elementor-widget-wrap elementor-element-populated\">\n\t\t\t\t\t\t<div class=\"elementor-element elementor-element-fe2ee57 elementor-widget elementor-widget-heading\" data-id=\"fe2ee57\" data-element_type=\"widget\" data-e-type=\"widget\" data-widget_type=\"heading.default\">\n\t\t\t\t<div class=\"elementor-widget-container\">\n\t\t\t\t\t<h3 class=\"elementor-heading-title elementor-size-xl\">Mesh<\/h3>\t\t\t\t<\/div>\n\t\t\t\t<\/div>\n\t\t\t\t<div class=\"elementor-element elementor-element-aed2f40 elementor-widget elementor-widget-text-editor\" data-id=\"aed2f40\" data-element_type=\"widget\" data-e-type=\"widget\" data-widget_type=\"text-editor.default\">\n\t\t\t\t<div class=\"elementor-widget-container\">\n\t\t\t\t\t\t\t\t\t<ul><li>Applications: publicit\u00e9 de fa\u00e7ade<\/li><li>Utilisation: \u00e0 l\u2019ext\u00e9rieur<\/li><li>Tissu:\u00a0100 % PVC<\/li><li>Poids:\u00a0env. 340 g\/m\u00b2<\/li><li>Largeur d\u2019impression:\u00a0d\u2019un seul tenant jusqu\u2019\u00e0 500 cm<\/li><li>Information:\u00a0difficilement inflammable B1<\/li><\/ul>\t\t\t\t\t\t\t\t<\/div>\n\t\t\t\t<\/div>\n\t\t\t\t\t<\/div>\n\t\t<\/div>\n\t\t\t\t<div class=\"elementor-column elementor-col-33 elementor-top-column elementor-element elementor-element-7db297e\" data-id=\"7db297e\" data-element_type=\"column\" data-e-type=\"column\" data-settings=\"{&quot;background_background&quot;:&quot;classic&quot;}\">\n\t\t\t<div class=\"elementor-widget-wrap\">\n\t\t\t\t\t\t\t<\/div>\n\t\t<\/div>\n\t\t\t\t<div class=\"elementor-column elementor-col-33 elementor-top-column elementor-element elementor-element-f779144\" data-id=\"f779144\" data-element_type=\"column\" data-e-type=\"column\" data-settings=\"{&quot;background_background&quot;:&quot;classic&quot;}\">\n\t\t\t<div class=\"elementor-widget-wrap\">\n\t\t\t\t\t\t\t<\/div>\n\t\t<\/div>\n\t\t\t\t\t<\/div>\n\t\t<\/section>\n\t\t\t\t<\/div>\n\t\t","protected":false},"excerpt":{"rendered":"<p>Mat\u00e9riaux Authenticit\u00e9 Les mat\u00e9riaux que nous utilisons sont ignifug\u00e9s et certifi\u00e9s B1.\u00a0Sur les salons ou dans les lieux publics, les certificats B1 peuvent \u00eatre exig\u00e9s pour des raisons s\u00e9curitaires.\u00a0N\u2019h\u00e9sitez pas \u00e0 nous les demander. Durabilit\u00e9 Utilisations \u00e0 l\u2019int\u00e9rieur : pas de restrictions connues, il faut cependant ne pas n\u00e9gliger les effets des rayons UV!\u00a0Utilisations \u00e0 [&hellip;]<\/p>\n","protected":false},"author":6,"featured_media":412,"parent":5597,"menu_order":4,"comment_status":"closed","ping_status":"closed","template":"","meta":{"footnotes":""},"class_list":["post-5563","page","type-page","status-publish","has-post-thumbnail","hentry"],"_links":{"self":[{"href":"https:\/\/flagprint.ch\/fr\/wp-json\/wp\/v2\/pages\/5563","targetHints":{"allow":["GET"]}}],"collection":[{"href":"https:\/\/flagprint.ch\/fr\/wp-json\/wp\/v2\/pages"}],"about":[{"href":"https:\/\/flagprint.ch\/fr\/wp-json\/wp\/v2\/types\/page"}],"author":[{"embeddable":true,"href":"https:\/\/flagprint.ch\/fr\/wp-json\/wp\/v2\/users\/6"}],"replies":[{"embeddable":true,"href":"https:\/\/flagprint.ch\/fr\/wp-json\/wp\/v2\/comments?post=5563"}],"version-history":[{"count":0,"href":"https:\/\/flagprint.ch\/fr\/wp-json\/wp\/v2\/pages\/5563\/revisions"}],"up":[{"embeddable":true,"href":"https:\/\/flagprint.ch\/fr\/wp-json\/wp\/v2\/pages\/5597"}],"wp:featuredmedia":[{"embeddable":true,"href":"https:\/\/flagprint.ch\/fr\/wp-json\/wp\/v2\/media\/412"}],"wp:attachment":[{"href":"https:\/\/flagprint.ch\/fr\/wp-json\/wp\/v2\/media?parent=5563"}],"curies":[{"name":"wp","href":"https:\/\/api.w.org\/{rel}","templated":true}]}}