{"id":5512,"date":"2018-12-18T15:37:32","date_gmt":"2018-12-18T14:37:32","guid":{"rendered":"https:\/\/flagprint.ch\/newsletter-anmeldung\/"},"modified":"2023-07-26T11:36:26","modified_gmt":"2023-07-26T09:36:26","slug":"newsletter","status":"publish","type":"page","link":"https:\/\/flagprint.ch\/fr\/newsletter\/","title":{"rendered":"Abonnement \u00e0 la newsletter"},"content":{"rendered":"\t\t<div data-elementor-type=\"wp-post\" data-elementor-id=\"5512\" class=\"elementor elementor-5512 elementor-2382\" data-elementor-post-type=\"page\">\n\t\t\t\t\t\t<section class=\"elementor-section elementor-top-section elementor-element elementor-element-2f517f3 elementor-section-boxed elementor-section-height-default elementor-section-height-default\" data-id=\"2f517f3\" data-element_type=\"section\" data-e-type=\"section\">\n\t\t\t\t\t\t<div class=\"elementor-container elementor-column-gap-default\">\n\t\t\t\t\t<div class=\"elementor-column elementor-col-50 elementor-top-column elementor-element elementor-element-cf49fbc\" data-id=\"cf49fbc\" data-element_type=\"column\" data-e-type=\"column\">\n\t\t\t<div class=\"elementor-widget-wrap elementor-element-populated\">\n\t\t\t\t\t\t<div class=\"elementor-element elementor-element-9561376 elementor-widget elementor-widget-heading\" data-id=\"9561376\" data-element_type=\"widget\" data-e-type=\"widget\" data-widget_type=\"heading.default\">\n\t\t\t\t<div class=\"elementor-widget-container\">\n\t\t\t\t\t<h1 class=\"elementor-heading-title elementor-size-default\">Abonnement \u00e0 la newsletter<\/h1>\t\t\t\t<\/div>\n\t\t\t\t<\/div>\n\t\t\t\t<div class=\"elementor-element elementor-element-1ad415d lead elementor-widget elementor-widget-text-editor\" data-id=\"1ad415d\" data-element_type=\"widget\" data-e-type=\"widget\" data-widget_type=\"text-editor.default\">\n\t\t\t\t<div class=\"elementor-widget-container\">\n\t\t\t\t\t\t\t\t\t<p><b>Souhaitez-vous recevoir les informations actuelles de la part et concernant flagprint?<br \/>Alors, abonnez-vous d\u00e8s maintenant \u00e0 notre newsletter.<br \/><\/b><\/p>\t\t\t\t\t\t\t\t<\/div>\n\t\t\t\t<\/div>\n\t\t\t\t<div class=\"elementor-element elementor-element-d78f94c elementor-widget elementor-widget-html\" data-id=\"d78f94c\" data-element_type=\"widget\" data-e-type=\"widget\" data-widget_type=\"html.default\">\n\t\t\t\t<div class=\"elementor-widget-container\">\n\t\t\t\t\t\t<form class=\"js-cm-form\" id=\"subForm\" action=\"https:\/\/www.createsend.com\/t\/subscribeerror?description=\" method=\"post\" data-id=\"2BE4EF332AA2E32596E38B640E905619A22463383ACE5DFD660CAD19D220CE72B923E54C2AD0F48B22CED036FB7A739B93E027389C0D62BB0EA6F24D4C11B09C\">\n\n\t\t<p>\n\t\t\t<label>Civilit\u00e9<\/label>\n            <select aria-label=\"Anrede\" id=\"fieldjjjduid\" name=\"cm-f-jjjduid\" required=\"\">\n                <option value=\"\">Veuillez s\u00e9lectionner<\/option>\n                <option value=\"Frau\">Madame<\/option>\n                <option value=\"Herr\">Monsieur<\/option>\n            <\/select>\n\t\t<\/p>\n\t\t<p>\n\t\t\t<label>Pr\u00e9nom<\/label>\n\t\t\t<input aria-label=\"Vorname\" id=\"fieldjjjduih\" name=\"cm-f-jjjduih\" required=\"\">\n\t\t<\/p>\n\t\t<p>\n\t\t\t<label>Nom<\/label>\n\t\t\t<input aria-label=\"Name\" id=\"fieldName\" name=\"cm-name\" required=\"\">\n\t\t<\/p>\n\t\t<p>\n\t\t\t<label>Courriel<\/label>\n\t\t\t<input autocomplete=\"Email\" aria-label=\"E-Mail-Adresse\" class=\"js-cm-email-input qa-input-email\" id=\"fieldEmail\" name=\"cm-ykhklrd-ykhklrd\" required=\"\" type=\"email\">\n\t\t<\/p>\n\t\t<p style=\"margin-top: 30px;\">\n\t\t    <button class=\"button elementor-button\"type=\"submit\">\n\t\t        <span class=\"elementor-button-content-wrapper\">\n\t\t\t\t\t\t<span class=\"elementor-button-icon elementor-align-icon-right\">\n\t\t\t\t<svg xmlns=\"http:\/\/www.w3.org\/2000\/svg\" viewBox=\"0 0 512 512\"><polygon fill=\"var(--ci-primary-color, currentColor)\" points=\"359.873 121.377 337.246 144.004 433.243 240.001 16 240.001 16 240.002 16 272.001 16 272.002 433.24 272.002 337.246 367.996 359.873 390.623 494.498 256 359.873 121.377\" class=\"ci-primary\"><\/polygon><\/svg>\t\t\t<\/span>\n\t\t\t\t\t\t<span class=\"elementor-button-text\">Abonnement<\/span>\n\t\t<\/span>\n\t\t    <\/button>\n        <\/p>\n\t<\/form>\n\n<script type=\"text\/javascript\" src=\"https:\/\/js.createsend1.com\/javascript\/copypastesubscribeformlogic.js\"><\/script>\n\t\t\t\t<\/div>\n\t\t\t\t<\/div>\n\t\t\t\t\t<\/div>\n\t\t<\/div>\n\t\t\t\t<div class=\"elementor-column elementor-col-50 elementor-top-column elementor-element elementor-element-a27c0e2\" data-id=\"a27c0e2\" data-element_type=\"column\" data-e-type=\"column\" data-settings=\"{&quot;background_background&quot;:&quot;classic&quot;}\">\n\t\t\t<div class=\"elementor-widget-wrap elementor-element-populated\">\n\t\t\t\t\t\t<div class=\"elementor-element elementor-element-1bf12cd elementor-widget elementor-widget-heading\" data-id=\"1bf12cd\" data-element_type=\"widget\" data-e-type=\"widget\" data-widget_type=\"heading.default\">\n\t\t\t\t<div class=\"elementor-widget-container\">\n\t\t\t\t\t<h2 class=\"elementor-heading-title elementor-size-default\">D\u00e9claration de confidentialit\u00e9<\/h2>\t\t\t\t<\/div>\n\t\t\t\t<\/div>\n\t\t\t\t<div class=\"elementor-element elementor-element-a55d69f elementor-widget elementor-widget-text-editor\" data-id=\"a55d69f\" data-element_type=\"widget\" data-e-type=\"widget\" data-widget_type=\"text-editor.default\">\n\t\t\t\t<div class=\"elementor-widget-container\">\n\t\t\t\t\t\t\t\t\t<p>En vous abonnant \u00e0 notre newsletter, vous acceptez notre <a href=\"\/datenschutz\/\">politique de confidentialit\u00e9<\/a>.<\/p>\t\t\t\t\t\t\t\t<\/div>\n\t\t\t\t<\/div>\n\t\t\t\t\t<\/div>\n\t\t<\/div>\n\t\t\t\t\t<\/div>\n\t\t<\/section>\n\t\t\t\t<\/div>\n\t\t","protected":false},"excerpt":{"rendered":"<p>Abonnement \u00e0 la newsletter Souhaitez-vous recevoir les informations actuelles de la part et concernant flagprint?Alors, abonnez-vous d\u00e8s maintenant \u00e0 notre newsletter. Civilit\u00e9 Veuillez s\u00e9lectionnerMadameMonsieur Pr\u00e9nom Nom Courriel Abonnement D\u00e9claration de confidentialit\u00e9 En vous abonnant \u00e0 notre newsletter, vous acceptez notre politique de confidentialit\u00e9.<\/p>\n","protected":false},"author":6,"featured_media":5420,"parent":0,"menu_order":100,"comment_status":"closed","ping_status":"closed","template":"","meta":{"footnotes":""},"class_list":["post-5512","page","type-page","status-publish","has-post-thumbnail","hentry"],"_links":{"self":[{"href":"https:\/\/flagprint.ch\/fr\/wp-json\/wp\/v2\/pages\/5512","targetHints":{"allow":["GET"]}}],"collection":[{"href":"https:\/\/flagprint.ch\/fr\/wp-json\/wp\/v2\/pages"}],"about":[{"href":"https:\/\/flagprint.ch\/fr\/wp-json\/wp\/v2\/types\/page"}],"author":[{"embeddable":true,"href":"https:\/\/flagprint.ch\/fr\/wp-json\/wp\/v2\/users\/6"}],"replies":[{"embeddable":true,"href":"https:\/\/flagprint.ch\/fr\/wp-json\/wp\/v2\/comments?post=5512"}],"version-history":[{"count":0,"href":"https:\/\/flagprint.ch\/fr\/wp-json\/wp\/v2\/pages\/5512\/revisions"}],"wp:featuredmedia":[{"embeddable":true,"href":"https:\/\/flagprint.ch\/fr\/wp-json\/wp\/v2\/media\/5420"}],"wp:attachment":[{"href":"https:\/\/flagprint.ch\/fr\/wp-json\/wp\/v2\/media?parent=5512"}],"curies":[{"name":"wp","href":"https:\/\/api.w.org\/{rel}","templated":true}]}}