{"id":5476,"date":"2018-11-21T18:20:55","date_gmt":"2018-11-21T17:20:55","guid":{"rendered":"https:\/\/flagprint.ch\/ueber-uns\/"},"modified":"2022-01-12T09:57:55","modified_gmt":"2022-01-12T08:57:55","slug":"qui-sommes-nous","status":"publish","type":"page","link":"https:\/\/flagprint.ch\/fr\/entreprise\/qui-sommes-nous\/","title":{"rendered":"Qui sommes-nous"},"content":{"rendered":"\t\t<div data-elementor-type=\"wp-post\" data-elementor-id=\"5476\" class=\"elementor elementor-5476 elementor-1025\" data-elementor-post-type=\"page\">\n\t\t\t\t\t\t<section class=\"elementor-section elementor-top-section elementor-element elementor-element-5b97c97   elementor-section-height-min-height elementor-section-items-bottom elementor-section-content-bottom elementor-section-boxed elementor-section-height-default\" data-id=\"5b97c97\" data-element_type=\"section\" data-e-type=\"section\" data-settings=\"{&quot;background_background&quot;:&quot;classic&quot;,&quot;shape_divider_bottom&quot;:&quot;tilt&quot;}\">\n\t\t\t\t\t\t\t<div class=\"elementor-background-overlay\"><\/div>\n\t\t\t\t\t\t<div class=\"elementor-shape elementor-shape-bottom\" aria-hidden=\"true\" data-negative=\"false\">\n\t\t\t<svg xmlns=\"http:\/\/www.w3.org\/2000\/svg\" viewBox=\"0 0 1000 100\" preserveAspectRatio=\"none\">\n\t<path class=\"elementor-shape-fill\" d=\"M0,6V0h1000v100L0,6z\"\/>\n<\/svg>\t\t<\/div>\n\t\t\t\t\t<div class=\"elementor-container elementor-column-gap-default\">\n\t\t\t\t\t<div class=\"elementor-column elementor-col-100 elementor-top-column elementor-element elementor-element-a0d93b8\" data-id=\"a0d93b8\" data-element_type=\"column\" data-e-type=\"column\">\n\t\t\t<div class=\"elementor-widget-wrap elementor-element-populated\">\n\t\t\t\t\t\t<div class=\"elementor-element elementor-element-f5d8f81 elementor-widget elementor-widget-heading\" data-id=\"f5d8f81\" data-element_type=\"widget\" data-e-type=\"widget\" data-widget_type=\"heading.default\">\n\t\t\t\t<div class=\"elementor-widget-container\">\n\t\t\t\t\t<h1 class=\"elementor-heading-title elementor-size-default\">Qui sommes-nous<\/h1>\t\t\t\t<\/div>\n\t\t\t\t<\/div>\n\t\t\t\t\t<\/div>\n\t\t<\/div>\n\t\t\t\t\t<\/div>\n\t\t<\/section>\n\t\t\t\t<section class=\"elementor-section elementor-top-section elementor-element elementor-element-a0d4bfe elementor-section-boxed elementor-section-height-default elementor-section-height-default\" data-id=\"a0d4bfe\" data-element_type=\"section\" data-e-type=\"section\">\n\t\t\t\t\t\t<div class=\"elementor-container elementor-column-gap-default\">\n\t\t\t\t\t<div class=\"elementor-column elementor-col-100 elementor-top-column elementor-element elementor-element-c2d24d2\" data-id=\"c2d24d2\" data-element_type=\"column\" data-e-type=\"column\">\n\t\t\t<div class=\"elementor-widget-wrap elementor-element-populated\">\n\t\t\t\t\t\t<div class=\"elementor-element elementor-element-8b5678f elementor-widget elementor-widget-heading\" data-id=\"8b5678f\" data-element_type=\"widget\" data-e-type=\"widget\" data-widget_type=\"heading.default\">\n\t\t\t\t<div class=\"elementor-widget-container\">\n\t\t\t\t\t<h2 class=\"elementor-heading-title elementor-size-xxl\">Voil\u00e0 comment nous annon\u00e7ons la couleur!<\/h2>\t\t\t\t<\/div>\n\t\t\t\t<\/div>\n\t\t\t\t<div class=\"elementor-element elementor-element-ebb0011 lead elementor-widget elementor-widget-text-editor\" data-id=\"ebb0011\" data-element_type=\"widget\" data-e-type=\"widget\" data-widget_type=\"text-editor.default\">\n\t\t\t\t<div class=\"elementor-widget-container\">\n\t\t\t\t\t\t\t\t\t<p style=\"text-align: left;\"><strong>Chez flagprint, nous vous proposons des supports publicitaires sur textile.<\/strong><\/p>\t\t\t\t\t\t\t\t<\/div>\n\t\t\t\t<\/div>\n\t\t\t\t<div class=\"elementor-element elementor-element-f767a91 elementor-widget elementor-widget-text-editor\" data-id=\"f767a91\" data-element_type=\"widget\" data-e-type=\"widget\" data-widget_type=\"text-editor.default\">\n\t\t\t\t<div class=\"elementor-widget-container\">\n\t\t\t\t\t\t\t\t\t<p style=\"text-align: left;\">Nos 20 ann\u00e9es d\u2019exp\u00e9rience dans le domaine de l\u2019impression textile nous permettent d\u2019\u00eatre toujours dans le vent.\u00a0Nous produisons des impressions sur tissu pour vos \u00e9v\u00e8nements et salons, votre point de vente, votre publicit\u00e9 ext\u00e9rieure ainsi que pour l\u2019agencement int\u00e9rieur.<\/p><p>La publicit\u00e9 sur textile exige un maximum de connaissances et \u00e9norm\u00e9ment de flexibilit\u00e9 pour pouvoir s\u2019adapter \u00e0 des conditions qui changent \u00e0 chaque projet. Chez flagprint, nous satisfaisons \u00e0 ces exigences gr\u00e2ce \u00e0 des ann\u00e9es d\u2019exp\u00e9rience et \u00e0 une \u00e9quipe r\u00e9active et dynamique. Toutes ces qualit\u00e9s sont depuis longtemps la base sur laquelle repose le travail de flagprint et garantissent une qualit\u00e9 maximale \u00e0 toutes les \u00e9tapes du processus.<\/p>\t\t\t\t\t\t\t\t<\/div>\n\t\t\t\t<\/div>\n\t\t\t\t\t<\/div>\n\t\t<\/div>\n\t\t\t\t\t<\/div>\n\t\t<\/section>\n\t\t\t\t<section class=\"elementor-section elementor-top-section elementor-element elementor-element-2e86e47b elementor-section-boxed elementor-section-height-default elementor-section-height-default\" data-id=\"2e86e47b\" data-element_type=\"section\" data-e-type=\"section\">\n\t\t\t\t\t\t<div class=\"elementor-container elementor-column-gap-default\">\n\t\t\t\t\t<div class=\"elementor-column elementor-col-33 elementor-top-column elementor-element elementor-element-2bcfe806\" data-id=\"2bcfe806\" data-element_type=\"column\" data-e-type=\"column\" data-settings=\"{&quot;background_background&quot;:&quot;classic&quot;}\">\n\t\t\t<div class=\"elementor-widget-wrap elementor-element-populated\">\n\t\t\t\t\t\t<div class=\"elementor-element elementor-element-3df463c elementor-view-stacked elementor-shape-circle elementor-widget elementor-widget-icon\" data-id=\"3df463c\" data-element_type=\"widget\" data-e-type=\"widget\" data-widget_type=\"icon.default\">\n\t\t\t\t<div class=\"elementor-widget-container\">\n\t\t\t\t\t\t\t<div class=\"elementor-icon-wrapper\">\n\t\t\t<div class=\"elementor-icon\">\n\t\t\t<svg xmlns=\"http:\/\/www.w3.org\/2000\/svg\" viewBox=\"0 0 512 512\"><path fill=\"var(--ci-primary-color, currentColor)\" d=\"M464,456.992,398.284,336H48V48H312l32-32H40A24.028,24.028,0,0,0,16,40V344a24.028,24.028,0,0,0,24,24H379.249l69.522,128H496V168l-32,32Z\" class=\"ci-primary\"><\/path><path fill=\"var(--ci-primary-color, currentColor)\" d=\"M232.456,258.709l-.147.686a17.342,17.342,0,0,0,20.3,20.294l84.75-20.067L479.027,117.956a60.092,60.092,0,0,0-84.982-84.984L252.379,174.638Zm48.968-67.861L416.672,55.6A28.092,28.092,0,1,1,456.4,95.328L321.151,230.577l-52.066,12.338Z\" class=\"ci-primary\"><\/path><\/svg>\t\t\t<\/div>\n\t\t<\/div>\n\t\t\t\t\t\t<\/div>\n\t\t\t\t<\/div>\n\t\t\t\t<div class=\"elementor-element elementor-element-7b7e9492 elementor-widget elementor-widget-heading\" data-id=\"7b7e9492\" data-element_type=\"widget\" data-e-type=\"widget\" data-widget_type=\"heading.default\">\n\t\t\t\t<div class=\"elementor-widget-container\">\n\t\t\t\t\t<h3 class=\"elementor-heading-title elementor-size-xl\">D\u00e9finition<\/h3>\t\t\t\t<\/div>\n\t\t\t\t<\/div>\n\t\t\t\t<div class=\"elementor-element elementor-element-98f54b1 elementor-widget elementor-widget-text-editor\" data-id=\"98f54b1\" data-element_type=\"widget\" data-e-type=\"widget\" data-widget_type=\"text-editor.default\">\n\t\t\t\t<div class=\"elementor-widget-container\">\n\t\t\t\t\t\t\t\t\t<p>La premi\u00e8re \u00e9tape consiste \u00e0 identifier l\u2019ensemble de vos besoins pour adapter vos exigences au produit fini.<\/p>\t\t\t\t\t\t\t\t<\/div>\n\t\t\t\t<\/div>\n\t\t\t\t\t<\/div>\n\t\t<\/div>\n\t\t\t\t<div class=\"elementor-column elementor-col-33 elementor-top-column elementor-element elementor-element-12634ddf\" data-id=\"12634ddf\" data-element_type=\"column\" data-e-type=\"column\" data-settings=\"{&quot;background_background&quot;:&quot;classic&quot;}\">\n\t\t\t<div class=\"elementor-widget-wrap elementor-element-populated\">\n\t\t\t\t\t\t<div class=\"elementor-element elementor-element-60a78d5 elementor-view-stacked elementor-shape-circle elementor-widget elementor-widget-icon\" data-id=\"60a78d5\" data-element_type=\"widget\" data-e-type=\"widget\" data-widget_type=\"icon.default\">\n\t\t\t\t<div class=\"elementor-widget-container\">\n\t\t\t\t\t\t\t<div class=\"elementor-icon-wrapper\">\n\t\t\t<div class=\"elementor-icon\">\n\t\t\t<svg xmlns=\"http:\/\/www.w3.org\/2000\/svg\" viewBox=\"0 0 512 512\"><path fill=\"var(--ci-primary-color, currentColor)\" d=\"M252.592,496h6.816a108.122,108.122,0,0,0,108-108V332.308a177.481,177.481,0,0,0,66.37-138.531C433.778,95.751,354.027,16,256,16S78.222,95.751,78.222,193.777a177.477,177.477,0,0,0,66.371,138.531V388A108.121,108.121,0,0,0,252.592,496Zm6.816-32h-6.816a76.106,76.106,0,0,1-70.631-48H330.04A76.107,76.107,0,0,1,259.408,464Zm76-80H176.593V344H335.408ZM110.222,193.777C110.222,113.4,175.618,48,256,48s145.778,65.4,145.778,145.777a146.392,146.392,0,0,1-59.817,117.737L341.3,312H170.7l-.665-.486A146.394,146.394,0,0,1,110.222,193.777Z\" class=\"ci-primary\"><\/path><\/svg>\t\t\t<\/div>\n\t\t<\/div>\n\t\t\t\t\t\t<\/div>\n\t\t\t\t<\/div>\n\t\t\t\t<div class=\"elementor-element elementor-element-6a4adf39 elementor-widget elementor-widget-heading\" data-id=\"6a4adf39\" data-element_type=\"widget\" data-e-type=\"widget\" data-widget_type=\"heading.default\">\n\t\t\t\t<div class=\"elementor-widget-container\">\n\t\t\t\t\t<h3 class=\"elementor-heading-title elementor-size-xl\">Conception<\/h3>\t\t\t\t<\/div>\n\t\t\t\t<\/div>\n\t\t\t\t<div class=\"elementor-element elementor-element-71864353 elementor-widget elementor-widget-text-editor\" data-id=\"71864353\" data-element_type=\"widget\" data-e-type=\"widget\" data-widget_type=\"text-editor.default\">\n\t\t\t\t<div class=\"elementor-widget-container\">\n\t\t\t\t\t\t\t\t\t<p>Pour pouvoir r\u00e9pondre au mieux \u00e0 vos besoins, nous planifions avec soin chaque \u00e9tape du projet et vous demandons votre bon \u00e0 tirer peu avant la fabrication.<\/p>\t\t\t\t\t\t\t\t<\/div>\n\t\t\t\t<\/div>\n\t\t\t\t\t<\/div>\n\t\t<\/div>\n\t\t\t\t<div class=\"elementor-column elementor-col-33 elementor-top-column elementor-element elementor-element-4c7fd149\" data-id=\"4c7fd149\" data-element_type=\"column\" data-e-type=\"column\" data-settings=\"{&quot;background_background&quot;:&quot;classic&quot;}\">\n\t\t\t<div class=\"elementor-widget-wrap elementor-element-populated\">\n\t\t\t\t\t\t<div class=\"elementor-element elementor-element-e1f6409 elementor-view-stacked elementor-shape-circle elementor-widget elementor-widget-icon\" data-id=\"e1f6409\" data-element_type=\"widget\" data-e-type=\"widget\" data-widget_type=\"icon.default\">\n\t\t\t\t<div class=\"elementor-widget-container\">\n\t\t\t\t\t\t\t<div class=\"elementor-icon-wrapper\">\n\t\t\t<div class=\"elementor-icon\">\n\t\t\t<svg xmlns=\"http:\/\/www.w3.org\/2000\/svg\" viewBox=\"0 0 512 512\"><path fill=\"var(--ci-primary-color, currentColor)\" d=\"M245.151,168a88,88,0,1,0,88,88A88.1,88.1,0,0,0,245.151,168Zm0,144a56,56,0,1,1,56-56A56.063,56.063,0,0,1,245.151,312Z\" class=\"ci-primary\"><\/path><path fill=\"var(--ci-primary-color, currentColor)\" d=\"M464.7,322.319l-31.77-26.153a193.081,193.081,0,0,0,0-80.332l31.77-26.153a19.941,19.941,0,0,0,4.606-25.439l-32.612-56.483a19.936,19.936,0,0,0-24.337-8.73l-38.561,14.447a192.038,192.038,0,0,0-69.54-40.192L297.49,32.713A19.936,19.936,0,0,0,277.762,16H212.54a19.937,19.937,0,0,0-19.728,16.712L186.05,73.284a192.03,192.03,0,0,0-69.54,40.192L77.945,99.027a19.937,19.937,0,0,0-24.334,8.731L21,164.245a19.94,19.94,0,0,0,4.61,25.438l31.767,26.151a193.081,193.081,0,0,0,0,80.332l-31.77,26.153A19.942,19.942,0,0,0,21,347.758l32.612,56.483a19.937,19.937,0,0,0,24.337,8.73l38.562-14.447a192.03,192.03,0,0,0,69.54,40.192l6.762,40.571A19.937,19.937,0,0,0,212.54,496h65.222a19.936,19.936,0,0,0,19.728-16.712l6.763-40.572a192.038,192.038,0,0,0,69.54-40.192l38.564,14.449a19.938,19.938,0,0,0,24.334-8.731L469.3,347.755A19.939,19.939,0,0,0,464.7,322.319Zm-50.636,57.12-48.109-18.024-7.285,7.334a159.955,159.955,0,0,1-72.625,41.973l-10,2.636L267.6,464h-44.89l-8.442-50.642-10-2.636a159.955,159.955,0,0,1-72.625-41.973l-7.285-7.334L76.241,379.439,53.8,340.562l39.629-32.624-2.7-9.973a160.9,160.9,0,0,1,0-83.93l2.7-9.972L53.8,171.439l22.446-38.878,48.109,18.024,7.285-7.334a159.955,159.955,0,0,1,72.625-41.973l10-2.636L222.706,48H267.6l8.442,50.642,10,2.636a159.955,159.955,0,0,1,72.625,41.973l7.285,7.334,48.109-18.024,22.447,38.877-39.629,32.625,2.7,9.972a160.9,160.9,0,0,1,0,83.93l-2.7,9.973,39.629,32.623Z\" class=\"ci-primary\"><\/path><\/svg>\t\t\t<\/div>\n\t\t<\/div>\n\t\t\t\t\t\t<\/div>\n\t\t\t\t<\/div>\n\t\t\t\t<div class=\"elementor-element elementor-element-be00a9a elementor-widget elementor-widget-heading\" data-id=\"be00a9a\" data-element_type=\"widget\" data-e-type=\"widget\" data-widget_type=\"heading.default\">\n\t\t\t\t<div class=\"elementor-widget-container\">\n\t\t\t\t\t<h3 class=\"elementor-heading-title elementor-size-xl\">Production<\/h3>\t\t\t\t<\/div>\n\t\t\t\t<\/div>\n\t\t\t\t<div class=\"elementor-element elementor-element-8f2c76e elementor-widget elementor-widget-text-editor\" data-id=\"8f2c76e\" data-element_type=\"widget\" data-e-type=\"widget\" data-widget_type=\"text-editor.default\">\n\t\t\t\t<div class=\"elementor-widget-container\">\n\t\t\t\t\t\t\t\t\t<p>La phase de production consiste enfin pour nous \u00e0 imprimer vos tissus. Ce faisant, nous travaillons avec des mat\u00e9riaux modernes, appliquons des technologies innovantes et nous appuyons sur notre savoir-faire \u00e9tendu.<\/p>\t\t\t\t\t\t\t\t<\/div>\n\t\t\t\t<\/div>\n\t\t\t\t\t<\/div>\n\t\t<\/div>\n\t\t\t\t\t<\/div>\n\t\t<\/section>\n\t\t\t\t<section class=\"elementor-section elementor-top-section elementor-element elementor-element-bb118e2 elementor-section-boxed elementor-section-height-default elementor-section-height-default\" data-id=\"bb118e2\" data-element_type=\"section\" data-e-type=\"section\">\n\t\t\t\t\t\t<div class=\"elementor-container elementor-column-gap-default\">\n\t\t\t\t\t<div class=\"elementor-column elementor-col-33 elementor-top-column elementor-element elementor-element-024ea37\" data-id=\"024ea37\" data-element_type=\"column\" data-e-type=\"column\" data-settings=\"{&quot;background_background&quot;:&quot;classic&quot;}\">\n\t\t\t<div class=\"elementor-widget-wrap elementor-element-populated\">\n\t\t\t\t\t\t<div class=\"elementor-element elementor-element-5ee67ab elementor-view-stacked elementor-shape-circle elementor-widget elementor-widget-icon\" data-id=\"5ee67ab\" data-element_type=\"widget\" data-e-type=\"widget\" data-widget_type=\"icon.default\">\n\t\t\t\t<div class=\"elementor-widget-container\">\n\t\t\t\t\t\t\t<div class=\"elementor-icon-wrapper\">\n\t\t\t<div class=\"elementor-icon\">\n\t\t\t<svg xmlns=\"http:\/\/www.w3.org\/2000\/svg\" viewBox=\"0 0 512 512\"><path fill=\"var(--ci-primary-color, currentColor)\" d=\"M104,320a88.067,88.067,0,1,0,75.607,43.02L260,282.627,425.373,448H448V425.373L282.627,260,448,94.627V72H425.373L260,237.373,176.477,153.85a88.088,88.088,0,1,0-22.627,22.627L237.373,260l-78.919,78.919A87.57,87.57,0,0,0,104,320Zm0-160a56,56,0,1,1,56-56A56.063,56.063,0,0,1,104,160Zm0,304a56,56,0,1,1,56-56A56.063,56.063,0,0,1,104,464Z\" class=\"ci-primary\"><\/path><\/svg>\t\t\t<\/div>\n\t\t<\/div>\n\t\t\t\t\t\t<\/div>\n\t\t\t\t<\/div>\n\t\t\t\t<div class=\"elementor-element elementor-element-1ac69cd elementor-widget elementor-widget-heading\" data-id=\"1ac69cd\" data-element_type=\"widget\" data-e-type=\"widget\" data-widget_type=\"heading.default\">\n\t\t\t\t<div class=\"elementor-widget-container\">\n\t\t\t\t\t<h3 class=\"elementor-heading-title elementor-size-xl\">Confection<\/h3>\t\t\t\t<\/div>\n\t\t\t\t<\/div>\n\t\t\t\t<div class=\"elementor-element elementor-element-5e6c9c9 elementor-widget elementor-widget-text-editor\" data-id=\"5e6c9c9\" data-element_type=\"widget\" data-e-type=\"widget\" data-widget_type=\"text-editor.default\">\n\t\t\t\t<div class=\"elementor-widget-container\">\n\t\t\t\t\t\t\t\t\t<p>Ensuite, nous s\u00e9lectionnons la confection adapt\u00e9e \u00e0 votre support publicitaire et la mettons en \u0153uvre dans les r\u00e8gles de l\u2019art dans notre atelier.<\/p>\t\t\t\t\t\t\t\t<\/div>\n\t\t\t\t<\/div>\n\t\t\t\t\t<\/div>\n\t\t<\/div>\n\t\t\t\t<div class=\"elementor-column elementor-col-33 elementor-top-column elementor-element elementor-element-b22992a\" data-id=\"b22992a\" data-element_type=\"column\" data-e-type=\"column\" data-settings=\"{&quot;background_background&quot;:&quot;classic&quot;}\">\n\t\t\t<div class=\"elementor-widget-wrap elementor-element-populated\">\n\t\t\t\t\t\t<div class=\"elementor-element elementor-element-808db45 elementor-view-stacked elementor-shape-circle elementor-widget elementor-widget-icon\" data-id=\"808db45\" data-element_type=\"widget\" data-e-type=\"widget\" data-widget_type=\"icon.default\">\n\t\t\t\t<div class=\"elementor-widget-container\">\n\t\t\t\t\t\t\t<div class=\"elementor-icon-wrapper\">\n\t\t\t<div class=\"elementor-icon\">\n\t\t\t<svg xmlns=\"http:\/\/www.w3.org\/2000\/svg\" viewBox=\"0 0 512 512\"><path fill=\"var(--ci-primary-color, currentColor)\" d=\"M441.885,141.649A32.028,32.028,0,0,0,415.669,128H336V80a32.036,32.036,0,0,0-32-32H48A32.036,32.036,0,0,0,16,80V408H69.082a67.982,67.982,0,0,0,133.836,0H309.082a67.982,67.982,0,0,0,133.836,0H496V226.522a23.882,23.882,0,0,0-4.338-13.763ZM47.98,80H304V256H48ZM136,432a36,36,0,1,1,36-36A36.04,36.04,0,0,1,136,432Zm240,0a36,36,0,1,1,36-36A36.04,36.04,0,0,1,376,432Zm88-56H440.994a68,68,0,0,0-129.988,0H200.994a68,68,0,0,0-129.988,0H48V288H464Zm0-120H336V160h79.669L464,229.044Z\" class=\"ci-primary\"><\/path><\/svg>\t\t\t<\/div>\n\t\t<\/div>\n\t\t\t\t\t\t<\/div>\n\t\t\t\t<\/div>\n\t\t\t\t<div class=\"elementor-element elementor-element-5c199f7 elementor-widget elementor-widget-heading\" data-id=\"5c199f7\" data-element_type=\"widget\" data-e-type=\"widget\" data-widget_type=\"heading.default\">\n\t\t\t\t<div class=\"elementor-widget-container\">\n\t\t\t\t\t<h3 class=\"elementor-heading-title elementor-size-xl\">Installation<\/h3>\t\t\t\t<\/div>\n\t\t\t\t<\/div>\n\t\t\t\t<div class=\"elementor-element elementor-element-5403ad8 elementor-widget elementor-widget-text-editor\" data-id=\"5403ad8\" data-element_type=\"widget\" data-e-type=\"widget\" data-widget_type=\"text-editor.default\">\n\t\t\t\t<div class=\"elementor-widget-container\">\n\t\t\t\t\t\t\t\t\t<p>Si vous le souhaitez, nous vous assisterons volontiers sur place pour l\u2019installation et le montage de votre syst\u00e8me publicitaire.<\/p>\t\t\t\t\t\t\t\t<\/div>\n\t\t\t\t<\/div>\n\t\t\t\t\t<\/div>\n\t\t<\/div>\n\t\t\t\t<div class=\"elementor-column elementor-col-33 elementor-top-column elementor-element elementor-element-602c3ee\" data-id=\"602c3ee\" data-element_type=\"column\" data-e-type=\"column\" data-settings=\"{&quot;background_background&quot;:&quot;classic&quot;}\">\n\t\t\t<div class=\"elementor-widget-wrap elementor-element-populated\">\n\t\t\t\t\t\t<div class=\"elementor-element elementor-element-6f836b2 elementor-view-stacked elementor-shape-circle elementor-widget elementor-widget-icon\" data-id=\"6f836b2\" data-element_type=\"widget\" data-e-type=\"widget\" data-widget_type=\"icon.default\">\n\t\t\t\t<div class=\"elementor-widget-container\">\n\t\t\t\t\t\t\t<div class=\"elementor-icon-wrapper\">\n\t\t\t<div class=\"elementor-icon\">\n\t\t\t<svg xmlns=\"http:\/\/www.w3.org\/2000\/svg\" viewBox=\"0 0 512 512\"><path fill=\"var(--ci-primary-color, currentColor)\" d=\"M453.122,79.012a128,128,0,0,0-181.087.068l-15.511,15.7L241.142,79.114l-.1-.1a128,128,0,0,0-181.02,0l-6.91,6.91a128,128,0,0,0,0,181.019L235.485,449.314l20.595,21.578.491-.492.533.533L276.4,450.574,460.032,266.94a128.147,128.147,0,0,0,0-181.019ZM437.4,244.313,256.571,425.146,75.738,244.313a96,96,0,0,1,0-135.764l6.911-6.91a96,96,0,0,1,135.713-.051l38.093,38.787,38.274-38.736a96,96,0,0,1,135.765,0l6.91,6.909A96.11,96.11,0,0,1,437.4,244.313Z\" class=\"ci-primary\"><\/path><\/svg>\t\t\t<\/div>\n\t\t<\/div>\n\t\t\t\t\t\t<\/div>\n\t\t\t\t<\/div>\n\t\t\t\t<div class=\"elementor-element elementor-element-54935eb elementor-widget elementor-widget-heading\" data-id=\"54935eb\" data-element_type=\"widget\" data-e-type=\"widget\" data-widget_type=\"heading.default\">\n\t\t\t\t<div class=\"elementor-widget-container\">\n\t\t\t\t\t<h3 class=\"elementor-heading-title elementor-size-xl\">\u00c9motion<\/h3>\t\t\t\t<\/div>\n\t\t\t\t<\/div>\n\t\t\t\t<div class=\"elementor-element elementor-element-18ff4b7 elementor-widget elementor-widget-text-editor\" data-id=\"18ff4b7\" data-element_type=\"widget\" data-e-type=\"widget\" data-widget_type=\"text-editor.default\">\n\t\t\t\t<div class=\"elementor-widget-container\">\n\t\t\t\t\t\t\t\t\t<p>Le grand moment est arriv\u00e9!\u00a0Nos solutions vous permettent de pr\u00e9senter vos slogans publicitaires sous leur meilleur jour et d\u2019impressionner encore plus vos clients.<\/p>\t\t\t\t\t\t\t\t<\/div>\n\t\t\t\t<\/div>\n\t\t\t\t\t<\/div>\n\t\t<\/div>\n\t\t\t\t\t<\/div>\n\t\t<\/section>\n\t\t\t\t<\/div>\n\t\t","protected":false},"excerpt":{"rendered":"<p>Qui sommes-nous Voil\u00e0 comment nous annon\u00e7ons la couleur! Chez flagprint, nous vous proposons des supports publicitaires sur textile. Nos 20 ann\u00e9es d\u2019exp\u00e9rience dans le domaine de l\u2019impression textile nous permettent d\u2019\u00eatre toujours dans le vent.\u00a0Nous produisons des impressions sur tissu pour vos \u00e9v\u00e8nements et salons, votre point de vente, votre publicit\u00e9 ext\u00e9rieure ainsi que pour [&hellip;]<\/p>\n","protected":false},"author":6,"featured_media":5530,"parent":5601,"menu_order":1,"comment_status":"closed","ping_status":"closed","template":"","meta":{"footnotes":""},"class_list":["post-5476","page","type-page","status-publish","has-post-thumbnail","hentry"],"_links":{"self":[{"href":"https:\/\/flagprint.ch\/fr\/wp-json\/wp\/v2\/pages\/5476","targetHints":{"allow":["GET"]}}],"collection":[{"href":"https:\/\/flagprint.ch\/fr\/wp-json\/wp\/v2\/pages"}],"about":[{"href":"https:\/\/flagprint.ch\/fr\/wp-json\/wp\/v2\/types\/page"}],"author":[{"embeddable":true,"href":"https:\/\/flagprint.ch\/fr\/wp-json\/wp\/v2\/users\/6"}],"replies":[{"embeddable":true,"href":"https:\/\/flagprint.ch\/fr\/wp-json\/wp\/v2\/comments?post=5476"}],"version-history":[{"count":0,"href":"https:\/\/flagprint.ch\/fr\/wp-json\/wp\/v2\/pages\/5476\/revisions"}],"up":[{"embeddable":true,"href":"https:\/\/flagprint.ch\/fr\/wp-json\/wp\/v2\/pages\/5601"}],"wp:featuredmedia":[{"embeddable":true,"href":"https:\/\/flagprint.ch\/fr\/wp-json\/wp\/v2\/media\/5530"}],"wp:attachment":[{"href":"https:\/\/flagprint.ch\/fr\/wp-json\/wp\/v2\/media?parent=5476"}],"curies":[{"name":"wp","href":"https:\/\/api.w.org\/{rel}","templated":true}]}}