{"id":30297,"date":"2022-08-19T11:23:22","date_gmt":"2022-08-19T09:23:22","guid":{"rendered":"https:\/\/flagprint.ch\/famille-de-marques\/voteflag\/"},"modified":"2022-08-19T14:26:31","modified_gmt":"2022-08-19T12:26:31","slug":"voteflag","status":"publish","type":"page","link":"https:\/\/flagprint.ch\/fr\/famille-de-marques\/voteflag\/","title":{"rendered":"voteflag"},"content":{"rendered":"\t\t<div data-elementor-type=\"wp-post\" data-elementor-id=\"30297\" class=\"elementor elementor-30297 elementor-29388\" data-elementor-post-type=\"page\">\n\t\t\t\t\t\t<section class=\"elementor-section elementor-top-section elementor-element elementor-element-902557a   elementor-section-content-middle elementor-section-boxed elementor-section-height-default elementor-section-height-default\" data-id=\"902557a\" data-element_type=\"section\" data-e-type=\"section\" data-settings=\"{&quot;background_background&quot;:&quot;classic&quot;,&quot;sticky&quot;:&quot;top&quot;,&quot;sticky_on&quot;:[&quot;desktop&quot;],&quot;sticky_offset&quot;:&quot;100&quot;,&quot;sticky_effects_offset&quot;:0,&quot;sticky_anchor_link_offset&quot;:0}\">\n\t\t\t\t\t\t<div class=\"elementor-container elementor-column-gap-default\">\n\t\t\t\t\t<div class=\"elementor-column elementor-col-100 elementor-top-column elementor-element elementor-element-f272306\" data-id=\"f272306\" data-element_type=\"column\" data-e-type=\"column\">\n\t\t\t<div class=\"elementor-widget-wrap elementor-element-populated\">\n\t\t\t\t\t\t<div class=\"elementor-element elementor-element-f0f0f2d elementor-widget__width-auto elementor-widget elementor-widget-image\" data-id=\"f0f0f2d\" data-element_type=\"widget\" data-e-type=\"widget\" data-widget_type=\"image.default\">\n\t\t\t\t<div class=\"elementor-widget-container\">\n\t\t\t\t\t\t\t\t\t\t\t\t\t\t\t\t<a href=\"https:\/\/flagprint.ch\/fr\/famille-de-marques\/voteflag\/\">\n\t\t\t\t\t\t\t<img fetchpriority=\"high\" decoding=\"async\" width=\"471\" height=\"140\" src=\"https:\/\/flagprint.ch\/wp-content\/uploads\/2022\/05\/Logo-voteflag-grau-website-8f959b.png\" class=\"attachment-full size-full wp-image-29628\" alt=\"Voteflag pour les campagnes politiques\" srcset=\"https:\/\/flagprint.ch\/wp-content\/uploads\/2022\/05\/Logo-voteflag-grau-website-8f959b.png 471w, https:\/\/flagprint.ch\/wp-content\/uploads\/2022\/05\/Logo-voteflag-grau-website-8f959b-400x119.png 400w\" sizes=\"(max-width: 471px) 100vw, 471px\" \/>\t\t\t\t\t\t\t\t<\/a>\n\t\t\t\t\t\t\t\t\t\t\t\t\t\t\t<\/div>\n\t\t\t\t<\/div>\n\t\t\t\t\t<\/div>\n\t\t<\/div>\n\t\t\t\t\t<\/div>\n\t\t<\/section>\n\t\t\t\t<section class=\"elementor-section elementor-top-section elementor-element elementor-element-91cf016 elementor-section-boxed elementor-section-height-default elementor-section-height-default\" data-id=\"91cf016\" data-element_type=\"section\" data-e-type=\"section\">\n\t\t\t\t\t\t<div class=\"elementor-container elementor-column-gap-default\">\n\t\t\t\t\t<div class=\"elementor-column elementor-col-100 elementor-top-column elementor-element elementor-element-34372d8\" data-id=\"34372d8\" data-element_type=\"column\" data-e-type=\"column\">\n\t\t\t<div class=\"elementor-widget-wrap elementor-element-populated\">\n\t\t\t\t\t\t<section class=\"elementor-section elementor-inner-section elementor-element elementor-element-d0d335e elementor-section-boxed elementor-section-height-default elementor-section-height-default\" data-id=\"d0d335e\" data-element_type=\"section\" data-e-type=\"section\">\n\t\t\t\t\t\t<div class=\"elementor-container elementor-column-gap-no\">\n\t\t\t\t\t<div class=\"elementor-column elementor-col-66 elementor-inner-column elementor-element elementor-element-4c59f14\" data-id=\"4c59f14\" data-element_type=\"column\" data-e-type=\"column\">\n\t\t\t<div class=\"elementor-widget-wrap elementor-element-populated\">\n\t\t\t\t\t\t<div class=\"elementor-element elementor-element-378acfd elementor-widget elementor-widget-heading\" data-id=\"378acfd\" data-element_type=\"widget\" data-e-type=\"widget\" data-widget_type=\"heading.default\">\n\t\t\t\t<div class=\"elementor-widget-container\">\n\t\t\t\t\t<h1 class=\"elementor-heading-title elementor-size-xxl\">Drapeaux statement \u00abvoteflag\u00bb pour les campagnes<\/h1>\t\t\t\t<\/div>\n\t\t\t\t<\/div>\n\t\t\t\t<div class=\"elementor-element elementor-element-9a553ce lead elementor-widget elementor-widget-text-editor\" data-id=\"9a553ce\" data-element_type=\"widget\" data-e-type=\"widget\" data-widget_type=\"text-editor.default\">\n\t\t\t\t<div class=\"elementor-widget-container\">\n\t\t\t\t\t\t\t\t\tLes drapeaux statement sont particuli\u00e8rement adapt\u00e9s aux campagnes politiques telles que les votations et permettent de diffuser rapidement des messages simples et courts. Ils sont efficaces aussi bien dans l&rsquo;espace priv\u00e9 que dans l&rsquo;espace public et servent avant tout \u00e0 manifester une opinion ou une position personnelle. Les drapeaux peuvent \u00eatre fix\u00e9s pratiquement partout gr\u00e2ce \u00e0 des \u0153illets ou \u00e0 des rubans cousus. Nos \u00ab\u00a0voteflags\u00a0\u00bb peuvent \u00eatre produits en tant que drapeaux \u00e0 main de diff\u00e9rentes tailles et sujets ou en tant que drapeaux de balcon et peuvent \u00eatre adapt\u00e9s individuellement m\u00eame pour de petits tirages. Nos drapeaux sont \u00ab\u00a0made in Berne\u00a0\u00bb et sont imprim\u00e9s, cousus et termin\u00e9s dans notre propre atelier de production.\t\t\t\t\t\t\t\t<\/div>\n\t\t\t\t<\/div>\n\t\t\t\t\t<\/div>\n\t\t<\/div>\n\t\t\t\t<div class=\"elementor-column elementor-col-33 elementor-inner-column elementor-element elementor-element-15fd95f\" data-id=\"15fd95f\" data-element_type=\"column\" data-e-type=\"column\">\n\t\t\t<div class=\"elementor-widget-wrap elementor-element-populated\">\n\t\t\t\t\t\t<div class=\"elementor-element elementor-element-c64ea66 elementor-widget elementor-widget-button\" data-id=\"c64ea66\" data-element_type=\"widget\" data-e-type=\"widget\" data-widget_type=\"button.default\">\n\t\t\t\t<div class=\"elementor-widget-container\">\n\t\t\t\t\t\t\t\t\t<div class=\"elementor-button-wrapper\">\n\t\t\t\t\t<a class=\"elementor-button elementor-button-link elementor-size-sm\" href=\"mailto:sales@flagprint.ch?subject=voteflag%20-%20Beratung&#038;body=Guten%20Tag%20%0A%0AGerne%20m%C3%B6chte%20ich%20mich%20%C3%BCber%20die%20vielseitigen%20M%C3%B6glichkeiten%20der%20voteflags%20beraten%20lassen.%20%0A%0ABitte%20rufen%20Sie%20mich%20unter%20folgender%20Nummer%20an%3A%20%0A(Bitte%20Ihre%20Telefonnummer%20und%20Ihre%20Erreichbarkeit%20angeben)%20%0A%0AIch%20m%C3%B6chte%20einen%20pers%C3%B6nlichen%20Termin%20vereinbaren%3A%20%0A(Bitte%20geben%20Sie%20Ihren%20Wunschtermin%20an%2C%20wenn%20m%C3%B6glich%202%20Daten)%20%0A%0AFreundliche%20Gr%C3%BCsse\" target=\"_blank\">\n\t\t\t\t\t\t<span class=\"elementor-button-content-wrapper\">\n\t\t\t\t\t\t<span class=\"elementor-button-icon\">\n\t\t\t\t<svg xmlns=\"http:\/\/www.w3.org\/2000\/svg\" viewBox=\"0 0 512 512\"><polygon fill=\"var(--ci-primary-color, currentColor)\" points=\"359.873 121.377 337.246 144.004 433.243 240.001 16 240.001 16 240.002 16 272.001 16 272.002 433.24 272.002 337.246 367.996 359.873 390.623 494.498 256 359.873 121.377\" class=\"ci-primary\"><\/polygon><\/svg>\t\t\t<\/span>\n\t\t\t\t\t\t\t\t\t<span class=\"elementor-button-text\">Je souhaite une consultation<\/span>\n\t\t\t\t\t<\/span>\n\t\t\t\t\t<\/a>\n\t\t\t\t<\/div>\n\t\t\t\t\t\t\t\t<\/div>\n\t\t\t\t<\/div>\n\t\t\t\t<div class=\"elementor-element elementor-element-d5650c5 elementor-widget elementor-widget-button\" data-id=\"d5650c5\" data-element_type=\"widget\" data-e-type=\"widget\" data-widget_type=\"button.default\">\n\t\t\t\t<div class=\"elementor-widget-container\">\n\t\t\t\t\t\t\t\t\t<div class=\"elementor-button-wrapper\">\n\t\t\t\t\t<a class=\"elementor-button elementor-button-link elementor-size-sm\" href=\"https:\/\/flagprint.ch\/fr\/references\/voteflags-pour-uss\/\" target=\"_blank\">\n\t\t\t\t\t\t<span class=\"elementor-button-content-wrapper\">\n\t\t\t\t\t\t<span class=\"elementor-button-icon\">\n\t\t\t\t<svg xmlns=\"http:\/\/www.w3.org\/2000\/svg\" viewBox=\"0 0 512 512\"><polygon fill=\"var(--ci-primary-color, currentColor)\" points=\"359.873 121.377 337.246 144.004 433.243 240.001 16 240.001 16 240.002 16 272.001 16 272.002 433.24 272.002 337.246 367.996 359.873 390.623 494.498 256 359.873 121.377\" class=\"ci-primary\"><\/polygon><\/svg>\t\t\t<\/span>\n\t\t\t\t\t\t\t\t\t<span class=\"elementor-button-text\">Vers la r\u00e9f\u00e9rence client<\/span>\n\t\t\t\t\t<\/span>\n\t\t\t\t\t<\/a>\n\t\t\t\t<\/div>\n\t\t\t\t\t\t\t\t<\/div>\n\t\t\t\t<\/div>\n\t\t\t\t\t<\/div>\n\t\t<\/div>\n\t\t\t\t\t<\/div>\n\t\t<\/section>\n\t\t\t\t<div class=\"elementor-element elementor-element-ce77cc3 elementor-widget-divider--view-line elementor-widget elementor-widget-divider\" data-id=\"ce77cc3\" data-element_type=\"widget\" data-e-type=\"widget\" data-widget_type=\"divider.default\">\n\t\t\t\t<div class=\"elementor-widget-container\">\n\t\t\t\t\t\t\t<div class=\"elementor-divider\">\n\t\t\t<span class=\"elementor-divider-separator\">\n\t\t\t\t\t\t<\/span>\n\t\t<\/div>\n\t\t\t\t\t\t<\/div>\n\t\t\t\t<\/div>\n\t\t\t\t<div class=\"elementor-element elementor-element-98dbede elementor-widget elementor-widget-heading\" data-id=\"98dbede\" data-element_type=\"widget\" data-e-type=\"widget\" data-widget_type=\"heading.default\">\n\t\t\t\t<div class=\"elementor-widget-container\">\n\t\t\t\t\t<h2 class=\"elementor-heading-title elementor-size-xl\">Produits<\/h2>\t\t\t\t<\/div>\n\t\t\t\t<\/div>\n\t\t\t\t\t<\/div>\n\t\t<\/div>\n\t\t\t\t\t<\/div>\n\t\t<\/section>\n\t\t\t\t<section class=\"elementor-section elementor-top-section elementor-element elementor-element-736706b elementor-section-boxed elementor-section-height-default elementor-section-height-default\" data-id=\"736706b\" data-element_type=\"section\" data-e-type=\"section\">\n\t\t\t\t\t\t<div class=\"elementor-container elementor-column-gap-no\">\n\t\t\t\t\t<div class=\"elementor-column elementor-col-100 elementor-top-column elementor-element elementor-element-309df9f\" data-id=\"309df9f\" data-element_type=\"column\" data-e-type=\"column\">\n\t\t\t<div class=\"elementor-widget-wrap\">\n\t\t\t\t\t\t\t<\/div>\n\t\t<\/div>\n\t\t\t\t\t<\/div>\n\t\t<\/section>\n\t\t\t\t<section class=\"elementor-section elementor-top-section elementor-element elementor-element-3b7520a elementor-section-boxed elementor-section-height-default elementor-section-height-default\" data-id=\"3b7520a\" data-element_type=\"section\" data-e-type=\"section\">\n\t\t\t\t\t\t<div class=\"elementor-container elementor-column-gap-default\">\n\t\t\t\t\t<div class=\"elementor-column elementor-col-100 elementor-top-column elementor-element elementor-element-1f9e32e\" data-id=\"1f9e32e\" data-element_type=\"column\" data-e-type=\"column\">\n\t\t\t<div class=\"elementor-widget-wrap elementor-element-populated\">\n\t\t\t\t\t\t<div class=\"elementor-element elementor-element-7eeb130 flagprint-grid elementor-grid-1 elementor-grid-tablet-2 elementor-grid-mobile-1 elementor-posts--thumbnail-top elementor-widget elementor-widget-posts\" data-id=\"7eeb130\" data-element_type=\"widget\" data-e-type=\"widget\" data-settings=\"{&quot;classic_columns&quot;:&quot;1&quot;,&quot;classic_columns_tablet&quot;:&quot;2&quot;,&quot;classic_columns_mobile&quot;:&quot;1&quot;,&quot;classic_row_gap&quot;:{&quot;unit&quot;:&quot;px&quot;,&quot;size&quot;:35,&quot;sizes&quot;:[]},&quot;classic_row_gap_widescreen&quot;:{&quot;unit&quot;:&quot;px&quot;,&quot;size&quot;:&quot;&quot;,&quot;sizes&quot;:[]},&quot;classic_row_gap_laptop&quot;:{&quot;unit&quot;:&quot;px&quot;,&quot;size&quot;:&quot;&quot;,&quot;sizes&quot;:[]},&quot;classic_row_gap_tablet&quot;:{&quot;unit&quot;:&quot;px&quot;,&quot;size&quot;:&quot;&quot;,&quot;sizes&quot;:[]},&quot;classic_row_gap_mobile&quot;:{&quot;unit&quot;:&quot;px&quot;,&quot;size&quot;:&quot;&quot;,&quot;sizes&quot;:[]}}\" data-widget_type=\"posts.classic\">\n\t\t\t\t<div class=\"elementor-widget-container\">\n\t\t\t\t\t\t\t<div class=\"elementor-posts-container elementor-posts elementor-posts--skin-classic elementor-grid\" role=\"list\">\n\t\t\t\t<article class=\"elementor-post elementor-grid-item post-29398 produkte type-produkte status-publish has-post-thumbnail hentry produkt_kategorie-tout produkt_kategorie-drapeaux produkt_filter-campagnes-politiques produkt_filter-utilisation produkt_filter-a-linterieur produkt_filter-courte produkt_filter-une-face produkt_filter-a-lexterieur produkt_filter-mobile produkt_filter-duree-de-mise-en-oeuvre produkt_filter-mat produkt_filter-double-face-avec-impression-penetrante produkt_filter-a-linterieur-et-a-lexterieur produkt_filter-legerement-transparent produkt_filter-impression-materiau produkt_filter-opaque-aux-regards produkt_filter-propriete-des-materiaux produkt_filter-proprietes produkt_filter-domaines-dapplication produkt_filter-place-publique-batiment-public-rue produkt_anwendung-campagnes-politiques produkt_anwendung-evenement-salon-exposition produkt_anwendung-club-manifestation-sportive-et-culturelle produkt_anwendung-place-publique-batiment-public-rue produkt_material-polyester-vlies-fr produkt_material-non-tisse-eco-polyester produkt_material-jetflag-fr produkt_material-jetflag-premium-fr produkt_groesse-100-x-70-cm-fr produkt_groesse-au-choix produkt__konfektion-ourlet-creux-avec-baton-en-bois\" role=\"listitem\">\n\t\t\t\t<a class=\"elementor-post__thumbnail__link\" href=\"https:\/\/flagprint.ch\/fr\/produits\/voteflag-drapeaux-a-main\/\" tabindex=\"-1\" >\n\t\t\t<div class=\"elementor-post__thumbnail\"><img decoding=\"async\" width=\"800\" height=\"300\" src=\"https:\/\/flagprint.ch\/wp-content\/uploads\/2022\/05\/flagprint-voteflag-handfahne-titel-icon-1200x450.png\" class=\"attachment-large size-large wp-image-30087\" alt=\"\" srcset=\"https:\/\/flagprint.ch\/wp-content\/uploads\/2022\/05\/flagprint-voteflag-handfahne-titel-icon-1200x450.png 1200w, https:\/\/flagprint.ch\/wp-content\/uploads\/2022\/05\/flagprint-voteflag-handfahne-titel-icon-800x300.png 800w, https:\/\/flagprint.ch\/wp-content\/uploads\/2022\/05\/flagprint-voteflag-handfahne-titel-icon-400x150.png 400w, https:\/\/flagprint.ch\/wp-content\/uploads\/2022\/05\/flagprint-voteflag-handfahne-titel-icon-768x288.png 768w, https:\/\/flagprint.ch\/wp-content\/uploads\/2022\/05\/flagprint-voteflag-handfahne-titel-icon-1536x576.png 1536w, https:\/\/flagprint.ch\/wp-content\/uploads\/2022\/05\/flagprint-voteflag-handfahne-titel-icon.png 1600w\" sizes=\"(max-width: 800px) 100vw, 800px\" \/><\/div>\n\t\t<\/a>\n\t\t\t\t<div class=\"elementor-post__text\">\n\t\t\t\t<h3 class=\"elementor-post__title\">\n\t\t\t<a href=\"https:\/\/flagprint.ch\/fr\/produits\/voteflag-drapeaux-a-main\/\" >\n\t\t\t\tvoteflag drapeaux \u00e0 main\t\t\t<\/a>\n\t\t<\/h3>\n\t\t\t\t<div class=\"elementor-post__excerpt\">\n\t\t\t<p>Drapeaux \u00e0 main pour les votations ou les manifestations politiques.<\/p>\n\t\t<\/div>\n\t\t\t\t<\/div>\n\t\t\t\t<\/article>\n\t\t\t\t<article class=\"elementor-post elementor-grid-item post-29406 produkte type-produkte status-publish has-post-thumbnail hentry produkt_kategorie-tout produkt_kategorie-drapeaux produkt_filter-utilisation produkt_filter-campagnes-politiques produkt_filter-campagnes-politiques-fr produkt_filter-a-linterieur produkt_filter-courte produkt_filter-une-face produkt_filter-mobile produkt_filter-a-lexterieur produkt_filter-duree-de-mise-en-oeuvre produkt_filter-mat produkt_filter-double-face-avec-impression-penetrante produkt_filter-a-linterieur-et-a-lexterieur produkt_filter-legerement-transparent produkt_filter-impression-materiau produkt_filter-opaque-aux-regards produkt_filter-propriete-des-materiaux produkt_filter-proprietes produkt_filter-domaines-dapplication produkt_filter-place-publique-batiment-public-rue produkt_anwendung-campagnes-politiques produkt_anwendung-evenement-salon-exposition produkt_anwendung-club-manifestation-sportive-et-culturelle produkt_anwendung-place-publique-batiment-public-rue produkt_material-polyester-vlies-fr produkt_material-non-tisse-eco-polyester produkt_material-jetflag-fr produkt_material-jetflag-premium-fr produkt_groesse-100-x-70-cm-fr produkt_groesse-80-x-40-cm-fr produkt_groesse-80-x-60-cm-fr produkt_groesse-100-x-50-cm-fr produkt_groesse-80-x-80-cm-fr produkt_groesse-au-choix\" role=\"listitem\">\n\t\t\t\t<a class=\"elementor-post__thumbnail__link\" href=\"https:\/\/flagprint.ch\/fr\/produits\/voteflag-drapeaux-de-balcon\/\" tabindex=\"-1\" >\n\t\t\t<div class=\"elementor-post__thumbnail\"><img decoding=\"async\" width=\"800\" height=\"300\" src=\"https:\/\/flagprint.ch\/wp-content\/uploads\/2022\/05\/flagprint-headerbild-voteflag-1200x450.png\" class=\"attachment-large size-large wp-image-29638\" alt=\"voteflag\" srcset=\"https:\/\/flagprint.ch\/wp-content\/uploads\/2022\/05\/flagprint-headerbild-voteflag-1200x450.png 1200w, https:\/\/flagprint.ch\/wp-content\/uploads\/2022\/05\/flagprint-headerbild-voteflag-800x300.png 800w, https:\/\/flagprint.ch\/wp-content\/uploads\/2022\/05\/flagprint-headerbild-voteflag-400x150.png 400w, https:\/\/flagprint.ch\/wp-content\/uploads\/2022\/05\/flagprint-headerbild-voteflag-768x288.png 768w, https:\/\/flagprint.ch\/wp-content\/uploads\/2022\/05\/flagprint-headerbild-voteflag-1536x576.png 1536w, https:\/\/flagprint.ch\/wp-content\/uploads\/2022\/05\/flagprint-headerbild-voteflag.png 1600w\" sizes=\"(max-width: 800px) 100vw, 800px\" \/><\/div>\n\t\t<\/a>\n\t\t\t\t<div class=\"elementor-post__text\">\n\t\t\t\t<h3 class=\"elementor-post__title\">\n\t\t\t<a href=\"https:\/\/flagprint.ch\/fr\/produits\/voteflag-drapeaux-de-balcon\/\" >\n\t\t\t\tvoteflag drapeaux de balcon\t\t\t<\/a>\n\t\t<\/h3>\n\t\t\t\t<div class=\"elementor-post__excerpt\">\n\t\t\t<p>voteflag Drapeaux de balcon pour les votations ou les manifestations politiques.<\/p>\n\t\t<\/div>\n\t\t\t\t<\/div>\n\t\t\t\t<\/article>\n\t\t\t\t<\/div>\n\t\t\n\t\t\t\t\t\t<\/div>\n\t\t\t\t<\/div>\n\t\t\t\t<div class=\"elementor-element elementor-element-37afce6 elementor-widget-divider--view-line elementor-widget elementor-widget-divider\" data-id=\"37afce6\" data-element_type=\"widget\" data-e-type=\"widget\" data-widget_type=\"divider.default\">\n\t\t\t\t<div class=\"elementor-widget-container\">\n\t\t\t\t\t\t\t<div class=\"elementor-divider\">\n\t\t\t<span class=\"elementor-divider-separator\">\n\t\t\t\t\t\t<\/span>\n\t\t<\/div>\n\t\t\t\t\t\t<\/div>\n\t\t\t\t<\/div>\n\t\t\t\t<div class=\"elementor-element elementor-element-b362eb7 elementor-widget elementor-widget-heading\" data-id=\"b362eb7\" data-element_type=\"widget\" data-e-type=\"widget\" data-widget_type=\"heading.default\">\n\t\t\t\t<div class=\"elementor-widget-container\">\n\t\t\t\t\t<h2 class=\"elementor-heading-title elementor-size-xl\">R\u00e9f\u00e9rences<\/h2>\t\t\t\t<\/div>\n\t\t\t\t<\/div>\n\t\t\t\t\t<\/div>\n\t\t<\/div>\n\t\t\t\t\t<\/div>\n\t\t<\/section>\n\t\t\t\t<section class=\"elementor-section elementor-top-section elementor-element elementor-element-18c1219 elementor-section-boxed elementor-section-height-default elementor-section-height-default\" data-id=\"18c1219\" data-element_type=\"section\" data-e-type=\"section\">\n\t\t\t\t\t\t<div class=\"elementor-container elementor-column-gap-no\">\n\t\t\t\t\t<div class=\"elementor-column elementor-col-100 elementor-top-column elementor-element elementor-element-e8c07ec\" data-id=\"e8c07ec\" data-element_type=\"column\" data-e-type=\"column\">\n\t\t\t<div class=\"elementor-widget-wrap elementor-element-populated\">\n\t\t\t\t\t\t<div class=\"elementor-element elementor-element-4ba0b37 flagprint-grid elementor-grid-1 elementor-grid-tablet-2 elementor-grid-mobile-1 elementor-posts--thumbnail-top elementor-widget elementor-widget-posts\" data-id=\"4ba0b37\" data-element_type=\"widget\" data-e-type=\"widget\" data-settings=\"{&quot;classic_columns&quot;:&quot;1&quot;,&quot;classic_columns_tablet&quot;:&quot;2&quot;,&quot;classic_columns_mobile&quot;:&quot;1&quot;,&quot;classic_row_gap&quot;:{&quot;unit&quot;:&quot;px&quot;,&quot;size&quot;:35,&quot;sizes&quot;:[]},&quot;classic_row_gap_widescreen&quot;:{&quot;unit&quot;:&quot;px&quot;,&quot;size&quot;:&quot;&quot;,&quot;sizes&quot;:[]},&quot;classic_row_gap_laptop&quot;:{&quot;unit&quot;:&quot;px&quot;,&quot;size&quot;:&quot;&quot;,&quot;sizes&quot;:[]},&quot;classic_row_gap_tablet&quot;:{&quot;unit&quot;:&quot;px&quot;,&quot;size&quot;:&quot;&quot;,&quot;sizes&quot;:[]},&quot;classic_row_gap_mobile&quot;:{&quot;unit&quot;:&quot;px&quot;,&quot;size&quot;:&quot;&quot;,&quot;sizes&quot;:[]}}\" data-widget_type=\"posts.classic\">\n\t\t\t\t<div class=\"elementor-widget-container\">\n\t\t\t\t\t\t\t<div class=\"elementor-posts-container elementor-posts elementor-posts--skin-classic elementor-grid\" role=\"list\">\n\t\t\t\t<article class=\"elementor-post elementor-grid-item post-30335 post type-post status-publish format-standard has-post-thumbnail hentry category-campagnes-politiques category-campagnes-politiques-fr category-tout-fr category-references category-drapeaux\" role=\"listitem\">\n\t\t\t\t<a class=\"elementor-post__thumbnail__link\" href=\"https:\/\/flagprint.ch\/fr\/references\/voteflags-pour-uss\/\" tabindex=\"-1\" >\n\t\t\t<div class=\"elementor-post__thumbnail\"><img loading=\"lazy\" decoding=\"async\" width=\"800\" height=\"600\" src=\"https:\/\/flagprint.ch\/wp-content\/uploads\/2022\/08\/Vorschaubild_SGB_1600x1200-1200x900.png\" class=\"attachment-large size-large wp-image-30247\" alt=\"Union syndicale suisse\" srcset=\"https:\/\/flagprint.ch\/wp-content\/uploads\/2022\/08\/Vorschaubild_SGB_1600x1200-1200x900.png 1200w, https:\/\/flagprint.ch\/wp-content\/uploads\/2022\/08\/Vorschaubild_SGB_1600x1200-800x600.png 800w, https:\/\/flagprint.ch\/wp-content\/uploads\/2022\/08\/Vorschaubild_SGB_1600x1200-400x300.png 400w, https:\/\/flagprint.ch\/wp-content\/uploads\/2022\/08\/Vorschaubild_SGB_1600x1200-768x576.png 768w, https:\/\/flagprint.ch\/wp-content\/uploads\/2022\/08\/Vorschaubild_SGB_1600x1200-1536x1152.png 1536w, https:\/\/flagprint.ch\/wp-content\/uploads\/2022\/08\/Vorschaubild_SGB_1600x1200.png 1600w\" sizes=\"(max-width: 800px) 100vw, 800px\" \/><\/div>\n\t\t<\/a>\n\t\t\t\t<div class=\"elementor-post__text\">\n\t\t\t\t<h3 class=\"elementor-post__title\">\n\t\t\t<a href=\"https:\/\/flagprint.ch\/fr\/references\/voteflags-pour-uss\/\" >\n\t\t\t\tVoteflags pour USS\t\t\t<\/a>\n\t\t<\/h3>\n\t\t\t\t<div class=\"elementor-post__excerpt\">\n\t\t\t<p>Pour l&rsquo;action participative bilingue de l&rsquo;Union syndicale suisse, nous avons pu produire le mat\u00e9riel de campagne, compos\u00e9 de 20&rsquo;000 Voteflags. <\/p>\n\t\t<\/div>\n\t\t\t\t<\/div>\n\t\t\t\t<\/article>\n\t\t\t\t<\/div>\n\t\t\n\t\t\t\t\t\t<\/div>\n\t\t\t\t<\/div>\n\t\t\t\t<div class=\"elementor-element elementor-element-95e30de elementor-widget elementor-widget-button\" data-id=\"95e30de\" data-element_type=\"widget\" data-e-type=\"widget\" data-widget_type=\"button.default\">\n\t\t\t\t<div class=\"elementor-widget-container\">\n\t\t\t\t\t\t\t\t\t<div class=\"elementor-button-wrapper\">\n\t\t\t\t\t<a class=\"elementor-button elementor-button-link elementor-size-sm\" href=\"https:\/\/flagprint.ch\/fr\/references\/\" target=\"_blank\">\n\t\t\t\t\t\t<span class=\"elementor-button-content-wrapper\">\n\t\t\t\t\t\t<span class=\"elementor-button-icon\">\n\t\t\t\t<svg xmlns=\"http:\/\/www.w3.org\/2000\/svg\" viewBox=\"0 0 512 512\"><polygon fill=\"var(--ci-primary-color, currentColor)\" points=\"359.873 121.377 337.246 144.004 433.243 240.001 16 240.001 16 240.002 16 272.001 16 272.002 433.24 272.002 337.246 367.996 359.873 390.623 494.498 256 359.873 121.377\" class=\"ci-primary\"><\/polygon><\/svg>\t\t\t<\/span>\n\t\t\t\t\t\t\t\t\t<span class=\"elementor-button-text\">plus de r\u00e9f\u00e9rences<\/span>\n\t\t\t\t\t<\/span>\n\t\t\t\t\t<\/a>\n\t\t\t\t<\/div>\n\t\t\t\t\t\t\t\t<\/div>\n\t\t\t\t<\/div>\n\t\t\t\t\t<\/div>\n\t\t<\/div>\n\t\t\t\t\t<\/div>\n\t\t<\/section>\n\t\t\t\t<\/div>\n\t\t","protected":false},"excerpt":{"rendered":"<p>Drapeaux statement \u00abvoteflag\u00bb pour les campagnes Les drapeaux statement sont particuli\u00e8rement adapt\u00e9s aux campagnes politiques telles que les votations et permettent de diffuser rapidement des messages simples et courts. Ils sont efficaces aussi bien dans l&rsquo;espace priv\u00e9 que dans l&rsquo;espace public et servent avant tout \u00e0 manifester une opinion ou une position personnelle. Les drapeaux [&hellip;]<\/p>\n","protected":false},"author":12,"featured_media":0,"parent":11131,"menu_order":5,"comment_status":"closed","ping_status":"closed","template":"","meta":{"footnotes":""},"class_list":["post-30297","page","type-page","status-publish","hentry"],"_links":{"self":[{"href":"https:\/\/flagprint.ch\/fr\/wp-json\/wp\/v2\/pages\/30297","targetHints":{"allow":["GET"]}}],"collection":[{"href":"https:\/\/flagprint.ch\/fr\/wp-json\/wp\/v2\/pages"}],"about":[{"href":"https:\/\/flagprint.ch\/fr\/wp-json\/wp\/v2\/types\/page"}],"author":[{"embeddable":true,"href":"https:\/\/flagprint.ch\/fr\/wp-json\/wp\/v2\/users\/12"}],"replies":[{"embeddable":true,"href":"https:\/\/flagprint.ch\/fr\/wp-json\/wp\/v2\/comments?post=30297"}],"version-history":[{"count":0,"href":"https:\/\/flagprint.ch\/fr\/wp-json\/wp\/v2\/pages\/30297\/revisions"}],"up":[{"embeddable":true,"href":"https:\/\/flagprint.ch\/fr\/wp-json\/wp\/v2\/pages\/11131"}],"wp:attachment":[{"href":"https:\/\/flagprint.ch\/fr\/wp-json\/wp\/v2\/media?parent=30297"}],"curies":[{"name":"wp","href":"https:\/\/api.w.org\/{rel}","templated":true}]}}