{"id":14963,"date":"2021-09-28T13:27:08","date_gmt":"2021-09-28T11:27:08","guid":{"rendered":"https:\/\/flagprint.ch\/?page_id=14963"},"modified":"2024-04-05T14:18:49","modified_gmt":"2024-04-05T12:18:49","slug":"moodframe","status":"publish","type":"page","link":"https:\/\/flagprint.ch\/fr\/famille-de-marques\/moodframe\/","title":{"rendered":"moodframe"},"content":{"rendered":"\t\t<div data-elementor-type=\"wp-post\" data-elementor-id=\"14963\" class=\"elementor elementor-14963 elementor-14962\" data-elementor-post-type=\"page\">\n\t\t\t\t\t\t<section class=\"elementor-section elementor-top-section elementor-element elementor-element-b59a14e   elementor-section-content-middle elementor-section-boxed elementor-section-height-default elementor-section-height-default\" data-id=\"b59a14e\" data-element_type=\"section\" data-e-type=\"section\" data-settings=\"{&quot;background_background&quot;:&quot;classic&quot;,&quot;sticky&quot;:&quot;top&quot;,&quot;sticky_on&quot;:[&quot;desktop&quot;],&quot;sticky_offset&quot;:&quot;100&quot;,&quot;sticky_effects_offset&quot;:0,&quot;sticky_anchor_link_offset&quot;:0}\">\n\t\t\t\t\t\t<div class=\"elementor-container elementor-column-gap-default\">\n\t\t\t\t\t<div class=\"elementor-column elementor-col-100 elementor-top-column elementor-element elementor-element-79076d7\" data-id=\"79076d7\" data-element_type=\"column\" data-e-type=\"column\">\n\t\t\t<div class=\"elementor-widget-wrap elementor-element-populated\">\n\t\t\t\t\t\t<div class=\"elementor-element elementor-element-f8050e6 elementor-widget__width-auto elementor-widget elementor-widget-global elementor-global-14999 elementor-widget-image\" data-id=\"f8050e6\" data-element_type=\"widget\" data-e-type=\"widget\" data-widget_type=\"image.default\">\n\t\t\t\t<div class=\"elementor-widget-container\">\n\t\t\t\t\t\t\t\t\t\t\t\t\t\t\t\t<a href=\"https:\/\/flagprint.ch\/submarken\/digiframe\/\">\n\t\t\t\t\t\t\t<img fetchpriority=\"high\" decoding=\"async\" width=\"450\" height=\"116\" src=\"https:\/\/flagprint.ch\/wp-content\/uploads\/2025\/02\/logo_digiframe_8f959b.png\" class=\"attachment-full size-full wp-image-38935\" alt=\"\" srcset=\"https:\/\/flagprint.ch\/wp-content\/uploads\/2025\/02\/logo_digiframe_8f959b.png 450w, https:\/\/flagprint.ch\/wp-content\/uploads\/2025\/02\/logo_digiframe_8f959b-400x103.png 400w\" sizes=\"(max-width: 450px) 100vw, 450px\">\t\t\t\t\t\t\t\t<\/a>\n\t\t\t\t\t\t\t\t\t\t\t\t\t\t\t<\/div>\n\t\t\t\t<\/div>\n\t\t\t\t\t<\/div>\n\t\t<\/div>\n\t\t\t\t\t<\/div>\n\t\t<\/section>\n\t\t\t\t<section class=\"elementor-section elementor-top-section elementor-element elementor-element-daee044 elementor-section-boxed elementor-section-height-default elementor-section-height-default\" data-id=\"daee044\" data-element_type=\"section\" data-e-type=\"section\">\n\t\t\t\t\t\t<div class=\"elementor-container elementor-column-gap-default\">\n\t\t\t\t\t<div class=\"elementor-column elementor-col-100 elementor-top-column elementor-element elementor-element-b720d6d\" data-id=\"b720d6d\" data-element_type=\"column\" data-e-type=\"column\">\n\t\t\t<div class=\"elementor-widget-wrap elementor-element-populated\">\n\t\t\t\t\t\t<section class=\"elementor-section elementor-inner-section elementor-element elementor-element-4a31e24 elementor-section-boxed elementor-section-height-default elementor-section-height-default\" data-id=\"4a31e24\" data-element_type=\"section\" data-e-type=\"section\">\n\t\t\t\t\t\t<div class=\"elementor-container elementor-column-gap-no\">\n\t\t\t\t\t<div class=\"elementor-column elementor-col-66 elementor-inner-column elementor-element elementor-element-74ed7f1\" data-id=\"74ed7f1\" data-element_type=\"column\" data-e-type=\"column\">\n\t\t\t<div class=\"elementor-widget-wrap elementor-element-populated\">\n\t\t\t\t\t\t<div class=\"elementor-element elementor-element-b244151 elementor-widget elementor-widget-heading\" data-id=\"b244151\" data-element_type=\"widget\" data-e-type=\"widget\" data-widget_type=\"heading.default\">\n\t\t\t\t<div class=\"elementor-widget-container\">\n\t\t\t\t\t<h1 class=\"elementor-heading-title elementor-size-xxl\">El\u00e9ments de conception modifiables<\/h1>\t\t\t\t<\/div>\n\t\t\t\t<\/div>\n\t\t\t\t<div class=\"elementor-element elementor-element-66f6f54 lead elementor-widget elementor-widget-text-editor\" data-id=\"66f6f54\" data-element_type=\"widget\" data-e-type=\"widget\" data-widget_type=\"text-editor.default\">\n\t\t\t\t<div class=\"elementor-widget-container\">\n\t\t\t\t\t\t\t\t\t<p>Am\u00e9nagez votre espace de vie ou de bureau avec l&rsquo;\u00e9l\u00e9gant syst\u00e8me \u00abaluframe\u00bb. Le simple cadre en aluminium entoure une toile textile qui peut \u00eatre imprim\u00e9e d&rsquo;un motif individuel. Lorsqu&rsquo;un motif a fait son temps, le tissu peut \u00eatre remplac\u00e9 par un nouveau en quelques \u00e9tapes simples. Il est ainsi possible d\u2019animer et de varier les espaces de mani\u00e8re simple et peu co\u00fbteuse.<\/p><p>\u00a0<\/p>\t\t\t\t\t\t\t\t<\/div>\n\t\t\t\t<\/div>\n\t\t\t\t\t<\/div>\n\t\t<\/div>\n\t\t\t\t<div class=\"elementor-column elementor-col-33 elementor-inner-column elementor-element elementor-element-20d9b9e\" data-id=\"20d9b9e\" data-element_type=\"column\" data-e-type=\"column\">\n\t\t\t<div class=\"elementor-widget-wrap elementor-element-populated\">\n\t\t\t\t\t\t<div class=\"elementor-element elementor-element-1fb2fab elementor-widget elementor-widget-button\" data-id=\"1fb2fab\" data-element_type=\"widget\" data-e-type=\"widget\" data-widget_type=\"button.default\">\n\t\t\t\t<div class=\"elementor-widget-container\">\n\t\t\t\t\t\t\t\t\t<div class=\"elementor-button-wrapper\">\n\t\t\t\t\t<a class=\"elementor-button elementor-button-link elementor-size-sm\" href=\"mailto:sales@flagprint.ch?subject=moodframe%20-%20consultation&#038;body=Bonjour%2C%0A%0AJe%20souhaiterais%20recevoir%20des%20informations%20sur%20les%20diferentes%20formes%20et%20les%20applications%20possibles%20des%20produits%20%C2%ABmoodframe%C2%BB.%0A%0AVeuillez%20m&#039;appeler%20au%20num%C3%A9ro%20suivant%20%3A%20%0A(Veuillez%20indiquer%20votre%20num%C3%A9ro%20de%20t%C3%A9l%C3%A9phone%20et%20votre%20disponibilit%C3%A9).%0A%0AJe%20souhaite%20prendre%20un%20rendez-vous%20personnel%20%3A%20%0A(Veuillez%20indiquer%20ici%20deux%20dates%20possibles).%0A%0ABien%20%C3%A0%20vous\" target=\"_blank\">\n\t\t\t\t\t\t<span class=\"elementor-button-content-wrapper\">\n\t\t\t\t\t\t<span class=\"elementor-button-icon\">\n\t\t\t\t<svg xmlns=\"http:\/\/www.w3.org\/2000\/svg\" viewBox=\"0 0 512 512\"><polygon fill=\"var(--ci-primary-color, currentColor)\" points=\"359.873 121.377 337.246 144.004 433.243 240.001 16 240.001 16 240.002 16 272.001 16 272.002 433.24 272.002 337.246 367.996 359.873 390.623 494.498 256 359.873 121.377\" class=\"ci-primary\"><\/polygon><\/svg>\t\t\t<\/span>\n\t\t\t\t\t\t\t\t\t<span class=\"elementor-button-text\">Je souhaite une consultation<\/span>\n\t\t\t\t\t<\/span>\n\t\t\t\t\t<\/a>\n\t\t\t\t<\/div>\n\t\t\t\t\t\t\t\t<\/div>\n\t\t\t\t<\/div>\n\t\t\t\t<div class=\"elementor-element elementor-element-afc65f2 elementor-widget elementor-widget-button\" data-id=\"afc65f2\" data-element_type=\"widget\" data-e-type=\"widget\" data-widget_type=\"button.default\">\n\t\t\t\t<div class=\"elementor-widget-container\">\n\t\t\t\t\t\t\t\t\t<div class=\"elementor-button-wrapper\">\n\t\t\t\t\t<a class=\"elementor-button elementor-button-link elementor-size-sm\" href=\"https:\/\/flagprint.ch\/fr\/galerie\/#systemes-daffichage\" target=\"_blank\">\n\t\t\t\t\t\t<span class=\"elementor-button-content-wrapper\">\n\t\t\t\t\t\t<span class=\"elementor-button-icon\">\n\t\t\t\t<svg xmlns=\"http:\/\/www.w3.org\/2000\/svg\" viewBox=\"0 0 512 512\"><polygon fill=\"var(--ci-primary-color, currentColor)\" points=\"359.873 121.377 337.246 144.004 433.243 240.001 16 240.001 16 240.002 16 272.001 16 272.002 433.24 272.002 337.246 367.996 359.873 390.623 494.498 256 359.873 121.377\" class=\"ci-primary\"><\/polygon><\/svg>\t\t\t<\/span>\n\t\t\t\t\t\t\t\t\t<span class=\"elementor-button-text\">Galerie syst\u00e8mes d'affichages<\/span>\n\t\t\t\t\t<\/span>\n\t\t\t\t\t<\/a>\n\t\t\t\t<\/div>\n\t\t\t\t\t\t\t\t<\/div>\n\t\t\t\t<\/div>\n\t\t\t\t<div class=\"elementor-element elementor-element-984a405 elementor-widget elementor-widget-button\" data-id=\"984a405\" data-element_type=\"widget\" data-e-type=\"widget\" data-widget_type=\"button.default\">\n\t\t\t\t<div class=\"elementor-widget-container\">\n\t\t\t\t\t\t\t\t\t<div class=\"elementor-button-wrapper\">\n\t\t\t\t\t<a class=\"elementor-button elementor-button-link elementor-size-sm\" href=\"https:\/\/moodframe.ch\/\" target=\"_blank\" rel=\"noopener\">\n\t\t\t\t\t\t<span class=\"elementor-button-content-wrapper\">\n\t\t\t\t\t\t<span class=\"elementor-button-icon\">\n\t\t\t\t<svg xmlns=\"http:\/\/www.w3.org\/2000\/svg\" viewBox=\"0 0 512 512\"><polygon fill=\"var(--ci-primary-color, currentColor)\" points=\"359.873 121.377 337.246 144.004 433.243 240.001 16 240.001 16 240.002 16 272.001 16 272.002 433.24 272.002 337.246 367.996 359.873 390.623 494.498 256 359.873 121.377\" class=\"ci-primary\"><\/polygon><\/svg>\t\t\t<\/span>\n\t\t\t\t\t\t\t\t\t<span class=\"elementor-button-text\">moodframe shop<\/span>\n\t\t\t\t\t<\/span>\n\t\t\t\t\t<\/a>\n\t\t\t\t<\/div>\n\t\t\t\t\t\t\t\t<\/div>\n\t\t\t\t<\/div>\n\t\t\t\t\t<\/div>\n\t\t<\/div>\n\t\t\t\t\t<\/div>\n\t\t<\/section>\n\t\t\t\t<div class=\"elementor-element elementor-element-5157d6c elementor-widget-divider--view-line elementor-widget elementor-widget-divider\" data-id=\"5157d6c\" data-element_type=\"widget\" data-e-type=\"widget\" data-widget_type=\"divider.default\">\n\t\t\t\t<div class=\"elementor-widget-container\">\n\t\t\t\t\t\t\t<div class=\"elementor-divider\">\n\t\t\t<span class=\"elementor-divider-separator\">\n\t\t\t\t\t\t<\/span>\n\t\t<\/div>\n\t\t\t\t\t\t<\/div>\n\t\t\t\t<\/div>\n\t\t\t\t<div class=\"elementor-element elementor-element-8d39268 elementor-widget elementor-widget-heading\" data-id=\"8d39268\" data-element_type=\"widget\" data-e-type=\"widget\" data-widget_type=\"heading.default\">\n\t\t\t\t<div class=\"elementor-widget-container\">\n\t\t\t\t\t<h2 class=\"elementor-heading-title elementor-size-xl\">Produits<\/h2>\t\t\t\t<\/div>\n\t\t\t\t<\/div>\n\t\t\t\t\t<\/div>\n\t\t<\/div>\n\t\t\t\t\t<\/div>\n\t\t<\/section>\n\t\t\t\t<section class=\"elementor-section elementor-top-section elementor-element elementor-element-fa57e63 elementor-section-boxed elementor-section-height-default elementor-section-height-default\" data-id=\"fa57e63\" data-element_type=\"section\" data-e-type=\"section\">\n\t\t\t\t\t\t<div class=\"elementor-container elementor-column-gap-no\">\n\t\t\t\t\t<div class=\"elementor-column elementor-col-100 elementor-top-column elementor-element elementor-element-b651ee1\" data-id=\"b651ee1\" data-element_type=\"column\" data-e-type=\"column\">\n\t\t\t<div class=\"elementor-widget-wrap elementor-element-populated\">\n\t\t\t\t\t\t<div class=\"elementor-element elementor-element-ca07f50 flagprint-grid elementor-grid-1 elementor-grid-tablet-2 elementor-grid-mobile-1 elementor-posts--thumbnail-top elementor-widget elementor-widget-posts\" data-id=\"ca07f50\" data-element_type=\"widget\" data-e-type=\"widget\" data-settings=\"{&quot;classic_columns&quot;:&quot;1&quot;,&quot;classic_columns_tablet&quot;:&quot;2&quot;,&quot;classic_columns_mobile&quot;:&quot;1&quot;,&quot;classic_row_gap&quot;:{&quot;unit&quot;:&quot;px&quot;,&quot;size&quot;:35,&quot;sizes&quot;:[]},&quot;classic_row_gap_widescreen&quot;:{&quot;unit&quot;:&quot;px&quot;,&quot;size&quot;:&quot;&quot;,&quot;sizes&quot;:[]},&quot;classic_row_gap_laptop&quot;:{&quot;unit&quot;:&quot;px&quot;,&quot;size&quot;:&quot;&quot;,&quot;sizes&quot;:[]},&quot;classic_row_gap_tablet&quot;:{&quot;unit&quot;:&quot;px&quot;,&quot;size&quot;:&quot;&quot;,&quot;sizes&quot;:[]},&quot;classic_row_gap_mobile&quot;:{&quot;unit&quot;:&quot;px&quot;,&quot;size&quot;:&quot;&quot;,&quot;sizes&quot;:[]}}\" data-widget_type=\"posts.classic\">\n\t\t\t\t<div class=\"elementor-widget-container\">\n\t\t\t\t\t\t\t<div class=\"elementor-posts-container elementor-posts elementor-posts--skin-classic elementor-grid\" role=\"list\">\n\t\t\t\t<article class=\"elementor-post elementor-grid-item post-4647 produkte type-produkte status-publish has-post-thumbnail hentry produkt_kategorie-tout produkt_kategorie-systemes-dachiffage produkt_kategorie-exposition-event produkt_filter-utilisation produkt_filter-a-linterieur produkt_filter-courte produkt_filter-evenement-salon produkt_filter-une-face produkt_filter-manifestation-dentreprise-congres produkt_filter-duree-de-mise-en-oeuvre produkt_filter-permanente produkt_filter-mat produkt_filter-club-manifestation-sportive-et-culturelle produkt_filter-impression-materiau produkt_filter-propriete-des-materiaux produkt_filter-hotel-gastronomie-fr-2 produkt_filter-opaque-aux-regards produkt_filter-opaque-a-la-lumiere produkt_filter-points-de-vente-showroom produkt_filter-domaines-dapplication produkt_filter-amenagement-dinterieurs-bureau-a-lespace-ouvert produkt_anwendung-evenement-salon-exposition produkt_anwendung-manifestation-dentreprise-congres produkt_anwendung-club-manifestation-sportive-et-culturelle produkt_anwendung-points-de-vente-showroom-construction-de-magasins produkt_anwendung-hotel-gastronomie produkt_anwendung-amenagement-dinterieurs-espace-ouvert produkt_material-dekotex-fr produkt_material-blockout-fr produkt_groesse-au-choix produkt__konfektion-passe-poil\" role=\"listitem\">\n\t\t\t\t<a class=\"elementor-post__thumbnail__link\" href=\"https:\/\/flagprint.ch\/fr\/produits\/alu-frame\/\" tabindex=\"-1\">\n\t\t\t<div class=\"elementor-post__thumbnail\"><img decoding=\"async\" width=\"800\" height=\"300\" src=\"https:\/\/flagprint.ch\/wp-content\/uploads\/2019\/02\/Produkte_Display_Systeme_Aluframe_Titelbild-1200x450.png\" class=\"attachment-large size-large wp-image-3462\" alt=\"aluframe - cadre \u00e9l\u00e9gant en alu tendu avec impression, changement simple de motif. Peut \u00eatre suspendue du plafond, viss\u00e9e au mur ou \u00eatre plac\u00e9e de mani\u00e8re autonome.\" srcset=\"https:\/\/flagprint.ch\/wp-content\/uploads\/2019\/02\/Produkte_Display_Systeme_Aluframe_Titelbild-1200x450.png 1200w, https:\/\/flagprint.ch\/wp-content\/uploads\/2019\/02\/Produkte_Display_Systeme_Aluframe_Titelbild-800x300.png 800w, https:\/\/flagprint.ch\/wp-content\/uploads\/2019\/02\/Produkte_Display_Systeme_Aluframe_Titelbild-768x288.png 768w, https:\/\/flagprint.ch\/wp-content\/uploads\/2019\/02\/Produkte_Display_Systeme_Aluframe_Titelbild.png 1600w\" sizes=\"(max-width: 800px) 100vw, 800px\" \/><\/div>\n\t\t<\/a>\n\t\t\t\t<div class=\"elementor-post__text\">\n\t\t\t\t<h3 class=\"elementor-post__title\">\n\t\t\t<a href=\"https:\/\/flagprint.ch\/fr\/produits\/alu-frame\/\">\n\t\t\t\taluframe\t\t\t<\/a>\n\t\t<\/h3>\n\t\t\t\t<div class=\"elementor-post__excerpt\">\n\t\t\t<p>Cadre \u00e9l\u00e9gant en alu tendu avec impression, changement simple de motif<\/p>\n\t\t<\/div>\n\t\t\t\t<\/div>\n\t\t\t\t<\/article>\n\t\t\t\t<article class=\"elementor-post elementor-grid-item post-4656 produkte type-produkte status-publish has-post-thumbnail hentry produkt_kategorie-tout produkt_kategorie-point-de-vente produkt_filter-utilisation produkt_filter-a-linterieur produkt_filter-courte produkt_filter-evenement-salon produkt_filter-une-face produkt_filter-manifestation-dentreprise-congres produkt_filter-duree-de-mise-en-oeuvre produkt_filter-permanente produkt_filter-mat produkt_filter-mobile produkt_filter-club-manifestation-sportive-et-culturelle produkt_filter-impression-materiau produkt_filter-propriete-des-materiaux produkt_filter-hotel-gastronomie-fr-2 produkt_filter-opaque-aux-regards produkt_filter-opaque-a-la-lumiere produkt_filter-points-de-vente-showroom produkt_filter-proprietes produkt_filter-amenagement-dinterieurs-bureau-a-lespace-ouvert produkt_filter-domaines-dapplication produkt_anwendung-evenement-salon-exposition produkt_anwendung-manifestation-dentreprise-congres produkt_anwendung-club-manifestation-sportive-et-culturelle produkt_anwendung-points-de-vente-showroom-construction-de-magasins produkt_anwendung-hotel-gastronomie produkt_anwendung-amenagement-dinterieurs-espace-ouvert produkt_material-dekotex-fr produkt_material-blockout-fr produkt_groesse-au-choix produkt__konfektion-passe-poil\" role=\"listitem\">\n\t\t\t\t<a class=\"elementor-post__thumbnail__link\" href=\"https:\/\/flagprint.ch\/fr\/produits\/aluframe-cadre-en-alu-autonome\/\" tabindex=\"-1\">\n\t\t\t<div class=\"elementor-post__thumbnail\"><img decoding=\"async\" width=\"800\" height=\"300\" src=\"https:\/\/flagprint.ch\/wp-content\/uploads\/2019\/02\/Produkte_Shop_POS_Aluframe_freistehend_Titelbild-1200x450.png\" class=\"attachment-large size-large wp-image-3577\" alt=\"aluframe - cadre \u00e9l\u00e9gant en alu tendu avec impression, changement simple de motif. Peut \u00eatre suspendue du plafond, viss\u00e9e au mur ou \u00eatre plac\u00e9e de mani\u00e8re autonome.\" srcset=\"https:\/\/flagprint.ch\/wp-content\/uploads\/2019\/02\/Produkte_Shop_POS_Aluframe_freistehend_Titelbild-1200x450.png 1200w, https:\/\/flagprint.ch\/wp-content\/uploads\/2019\/02\/Produkte_Shop_POS_Aluframe_freistehend_Titelbild-800x300.png 800w, https:\/\/flagprint.ch\/wp-content\/uploads\/2019\/02\/Produkte_Shop_POS_Aluframe_freistehend_Titelbild-768x288.png 768w, https:\/\/flagprint.ch\/wp-content\/uploads\/2019\/02\/Produkte_Shop_POS_Aluframe_freistehend_Titelbild.png 1600w\" sizes=\"(max-width: 800px) 100vw, 800px\" \/><\/div>\n\t\t<\/a>\n\t\t\t\t<div class=\"elementor-post__text\">\n\t\t\t\t<h3 class=\"elementor-post__title\">\n\t\t\t<a href=\"https:\/\/flagprint.ch\/fr\/produits\/aluframe-cadre-en-alu-autonome\/\">\n\t\t\t\taluframe cadre en alu autonome\t\t\t<\/a>\n\t\t<\/h3>\n\t\t\t\t<div class=\"elementor-post__excerpt\">\n\t\t\t<p>Cadre \u00e9l\u00e9gant en alu tendu avec impression, changement simple de motif<\/p>\n\t\t<\/div>\n\t\t\t\t<\/div>\n\t\t\t\t<\/article>\n\t\t\t\t<article class=\"elementor-post elementor-grid-item post-4659 produkte type-produkte status-publish has-post-thumbnail hentry produkt_kategorie-tout produkt_kategorie-point-de-vente produkt_filter-utilisation produkt_filter-a-linterieur produkt_filter-evenement-salon produkt_filter-une-face produkt_filter-duree-de-mise-en-oeuvre produkt_filter-permanente produkt_filter-mat produkt_filter-impression-materiau produkt_filter-propriete-des-materiaux produkt_filter-hotel-gastronomie-fr-2 produkt_filter-opaque-aux-regards produkt_filter-points-de-vente-showroom produkt_filter-opaque-a-la-lumiere produkt_filter-domaines-dapplication produkt_filter-amenagement-dinterieurs-bureau-a-lespace-ouvert produkt_anwendung-evenement-salon-exposition produkt_anwendung-points-de-vente-showroom-construction-de-magasins produkt_anwendung-hotel-gastronomie produkt_anwendung-amenagement-dinterieurs-espace-ouvert produkt_material-dekotex-fr produkt_material-blockout-fr produkt_groesse-au-choix produkt__konfektion-passe-poil\" role=\"listitem\">\n\t\t\t\t<a class=\"elementor-post__thumbnail__link\" href=\"https:\/\/flagprint.ch\/fr\/produits\/aluframe-cadre-en-alu\/\" tabindex=\"-1\">\n\t\t\t<div class=\"elementor-post__thumbnail\"><img loading=\"lazy\" decoding=\"async\" width=\"800\" height=\"300\" src=\"https:\/\/flagprint.ch\/wp-content\/uploads\/2019\/02\/Produkte_Shop_POS_Aluframe_Wandbild_Titelbild-1200x450.png\" class=\"attachment-large size-large wp-image-3579\" alt=\"aluframe - cadre \u00e9l\u00e9gant en alu tendu avec impression, changement simple de motif. Peut \u00eatre suspendue du plafond, viss\u00e9e au mur ou \u00eatre plac\u00e9e de mani\u00e8re autonome.\" srcset=\"https:\/\/flagprint.ch\/wp-content\/uploads\/2019\/02\/Produkte_Shop_POS_Aluframe_Wandbild_Titelbild-1200x450.png 1200w, https:\/\/flagprint.ch\/wp-content\/uploads\/2019\/02\/Produkte_Shop_POS_Aluframe_Wandbild_Titelbild-800x300.png 800w, https:\/\/flagprint.ch\/wp-content\/uploads\/2019\/02\/Produkte_Shop_POS_Aluframe_Wandbild_Titelbild-768x288.png 768w, https:\/\/flagprint.ch\/wp-content\/uploads\/2019\/02\/Produkte_Shop_POS_Aluframe_Wandbild_Titelbild.png 1600w\" sizes=\"(max-width: 800px) 100vw, 800px\" \/><\/div>\n\t\t<\/a>\n\t\t\t\t<div class=\"elementor-post__text\">\n\t\t\t\t<h3 class=\"elementor-post__title\">\n\t\t\t<a href=\"https:\/\/flagprint.ch\/fr\/produits\/aluframe-cadre-en-alu\/\">\n\t\t\t\taluframe cadre en alu\t\t\t<\/a>\n\t\t<\/h3>\n\t\t\t\t<div class=\"elementor-post__excerpt\">\n\t\t\t<p>Cadre \u00e9l\u00e9gant en alu tendu avec impression, changement simple de motif<\/p>\n\t\t<\/div>\n\t\t\t\t<\/div>\n\t\t\t\t<\/article>\n\t\t\t\t<\/div>\n\t\t\n\t\t\t\t\t\t<\/div>\n\t\t\t\t<\/div>\n\t\t\t\t<div class=\"elementor-element elementor-element-7ecc260 elementor-widget elementor-widget-button\" data-id=\"7ecc260\" data-element_type=\"widget\" data-e-type=\"widget\" data-widget_type=\"button.default\">\n\t\t\t\t<div class=\"elementor-widget-container\">\n\t\t\t\t\t\t\t\t\t<div class=\"elementor-button-wrapper\">\n\t\t\t\t\t<a class=\"elementor-button elementor-button-link elementor-size-sm\" href=\"https:\/\/flagprint.ch\/fr\/produits\/#filter=.produkt_kategorie-systemes-dachiffage\" target=\"_blank\">\n\t\t\t\t\t\t<span class=\"elementor-button-content-wrapper\">\n\t\t\t\t\t\t<span class=\"elementor-button-icon\">\n\t\t\t\t<svg xmlns=\"http:\/\/www.w3.org\/2000\/svg\" viewBox=\"0 0 512 512\"><polygon fill=\"var(--ci-primary-color, currentColor)\" points=\"359.873 121.377 337.246 144.004 433.243 240.001 16 240.001 16 240.002 16 272.001 16 272.002 433.24 272.002 337.246 367.996 359.873 390.623 494.498 256 359.873 121.377\" class=\"ci-primary\"><\/polygon><\/svg>\t\t\t<\/span>\n\t\t\t\t\t\t\t\t\t<span class=\"elementor-button-text\">Tous les produits syst\u00e8mes d'affichages<\/span>\n\t\t\t\t\t<\/span>\n\t\t\t\t\t<\/a>\n\t\t\t\t<\/div>\n\t\t\t\t\t\t\t\t<\/div>\n\t\t\t\t<\/div>\n\t\t\t\t\t<\/div>\n\t\t<\/div>\n\t\t\t\t\t<\/div>\n\t\t<\/section>\n\t\t\t\t<section class=\"elementor-section elementor-top-section elementor-element elementor-element-937b73d elementor-section-boxed elementor-section-height-default elementor-section-height-default\" data-id=\"937b73d\" data-element_type=\"section\" data-e-type=\"section\">\n\t\t\t\t\t\t<div class=\"elementor-container elementor-column-gap-default\">\n\t\t\t\t\t<div class=\"elementor-column elementor-col-100 elementor-top-column elementor-element elementor-element-195ab71\" data-id=\"195ab71\" data-element_type=\"column\" data-e-type=\"column\">\n\t\t\t<div class=\"elementor-widget-wrap elementor-element-populated\">\n\t\t\t\t\t\t<div class=\"elementor-element elementor-element-d5ce86b elementor-widget-divider--view-line elementor-widget elementor-widget-divider\" data-id=\"d5ce86b\" data-element_type=\"widget\" data-e-type=\"widget\" data-widget_type=\"divider.default\">\n\t\t\t\t<div class=\"elementor-widget-container\">\n\t\t\t\t\t\t\t<div class=\"elementor-divider\">\n\t\t\t<span class=\"elementor-divider-separator\">\n\t\t\t\t\t\t<\/span>\n\t\t<\/div>\n\t\t\t\t\t\t<\/div>\n\t\t\t\t<\/div>\n\t\t\t\t<div class=\"elementor-element elementor-element-796ef16 elementor-widget elementor-widget-heading\" data-id=\"796ef16\" data-element_type=\"widget\" data-e-type=\"widget\" data-widget_type=\"heading.default\">\n\t\t\t\t<div class=\"elementor-widget-container\">\n\t\t\t\t\t<h2 class=\"elementor-heading-title elementor-size-xl\">R\u00e9f\u00e9rences<\/h2>\t\t\t\t<\/div>\n\t\t\t\t<\/div>\n\t\t\t\t\t<\/div>\n\t\t<\/div>\n\t\t\t\t\t<\/div>\n\t\t<\/section>\n\t\t\t\t<section class=\"elementor-section elementor-top-section elementor-element elementor-element-d8194ae elementor-section-boxed elementor-section-height-default elementor-section-height-default\" data-id=\"d8194ae\" data-element_type=\"section\" data-e-type=\"section\">\n\t\t\t\t\t\t<div class=\"elementor-container elementor-column-gap-no\">\n\t\t\t\t\t<div class=\"elementor-column elementor-col-100 elementor-top-column elementor-element elementor-element-50d36ab\" data-id=\"50d36ab\" data-element_type=\"column\" data-e-type=\"column\">\n\t\t\t<div class=\"elementor-widget-wrap elementor-element-populated\">\n\t\t\t\t\t\t<div class=\"elementor-element elementor-element-dee5942 elementor-widget elementor-widget-button\" data-id=\"dee5942\" data-element_type=\"widget\" data-e-type=\"widget\" data-widget_type=\"button.default\">\n\t\t\t\t<div class=\"elementor-widget-container\">\n\t\t\t\t\t\t\t\t\t<div class=\"elementor-button-wrapper\">\n\t\t\t\t\t<a class=\"elementor-button elementor-button-link elementor-size-sm\" href=\"https:\/\/flagprint.ch\/referenzen\/#filter=.category-display-systeme\" target=\"_blank\">\n\t\t\t\t\t\t<span class=\"elementor-button-content-wrapper\">\n\t\t\t\t\t\t<span class=\"elementor-button-icon\">\n\t\t\t\t<svg xmlns=\"http:\/\/www.w3.org\/2000\/svg\" viewBox=\"0 0 512 512\"><polygon fill=\"var(--ci-primary-color, currentColor)\" points=\"359.873 121.377 337.246 144.004 433.243 240.001 16 240.001 16 240.002 16 272.001 16 272.002 433.24 272.002 337.246 367.996 359.873 390.623 494.498 256 359.873 121.377\" class=\"ci-primary\"><\/polygon><\/svg>\t\t\t<\/span>\n\t\t\t\t\t\t\t\t\t<span class=\"elementor-button-text\">Toutes les r\u00e9f\u00e9rences syst\u00e8mes d'affichages<\/span>\n\t\t\t\t\t<\/span>\n\t\t\t\t\t<\/a>\n\t\t\t\t<\/div>\n\t\t\t\t\t\t\t\t<\/div>\n\t\t\t\t<\/div>\n\t\t\t\t\t<\/div>\n\t\t<\/div>\n\t\t\t\t\t<\/div>\n\t\t<\/section>\n\t\t\t\t<\/div>\n\t\t","protected":false},"excerpt":{"rendered":"<p>El\u00e9ments de conception modifiables Am\u00e9nagez votre espace de vie ou de bureau avec l&rsquo;\u00e9l\u00e9gant syst\u00e8me \u00abaluframe\u00bb. Le simple cadre en aluminium entoure une toile textile qui peut \u00eatre imprim\u00e9e d&rsquo;un motif individuel. Lorsqu&rsquo;un motif a fait son temps, le tissu peut \u00eatre remplac\u00e9 par un nouveau en quelques \u00e9tapes simples. Il est ainsi possible d\u2019animer [&hellip;]<\/p>\n","protected":false},"author":6,"featured_media":5179,"parent":11131,"menu_order":4,"comment_status":"closed","ping_status":"closed","template":"","meta":{"footnotes":""},"class_list":["post-14963","page","type-page","status-publish","has-post-thumbnail","hentry"],"_links":{"self":[{"href":"https:\/\/flagprint.ch\/fr\/wp-json\/wp\/v2\/pages\/14963","targetHints":{"allow":["GET"]}}],"collection":[{"href":"https:\/\/flagprint.ch\/fr\/wp-json\/wp\/v2\/pages"}],"about":[{"href":"https:\/\/flagprint.ch\/fr\/wp-json\/wp\/v2\/types\/page"}],"author":[{"embeddable":true,"href":"https:\/\/flagprint.ch\/fr\/wp-json\/wp\/v2\/users\/6"}],"replies":[{"embeddable":true,"href":"https:\/\/flagprint.ch\/fr\/wp-json\/wp\/v2\/comments?post=14963"}],"version-history":[{"count":0,"href":"https:\/\/flagprint.ch\/fr\/wp-json\/wp\/v2\/pages\/14963\/revisions"}],"up":[{"embeddable":true,"href":"https:\/\/flagprint.ch\/fr\/wp-json\/wp\/v2\/pages\/11131"}],"wp:featuredmedia":[{"embeddable":true,"href":"https:\/\/flagprint.ch\/fr\/wp-json\/wp\/v2\/media\/5179"}],"wp:attachment":[{"href":"https:\/\/flagprint.ch\/fr\/wp-json\/wp\/v2\/media?parent=14963"}],"curies":[{"name":"wp","href":"https:\/\/api.w.org\/{rel}","templated":true}]}}