{"id":14909,"date":"2021-09-28T11:35:11","date_gmt":"2021-09-28T09:35:11","guid":{"rendered":"https:\/\/flagprint.ch\/?page_id=14909"},"modified":"2022-01-12T09:13:30","modified_gmt":"2022-01-12T08:13:30","slug":"protectionframe","status":"publish","type":"page","link":"https:\/\/flagprint.ch\/fr\/famille-de-marques\/protectionframe\/","title":{"rendered":"protectionframe"},"content":{"rendered":"\t\t<div data-elementor-type=\"wp-post\" data-elementor-id=\"14909\" class=\"elementor elementor-14909 elementor-14908\" data-elementor-post-type=\"page\">\n\t\t\t\t\t\t<section class=\"elementor-section elementor-top-section elementor-element elementor-element-3107c2c   elementor-section-content-middle elementor-section-boxed elementor-section-height-default elementor-section-height-default\" data-id=\"3107c2c\" data-element_type=\"section\" data-e-type=\"section\" data-settings=\"{&quot;background_background&quot;:&quot;classic&quot;,&quot;sticky&quot;:&quot;top&quot;,&quot;sticky_on&quot;:[&quot;desktop&quot;],&quot;sticky_offset&quot;:&quot;100&quot;,&quot;sticky_effects_offset&quot;:0,&quot;sticky_anchor_link_offset&quot;:0}\">\n\t\t\t\t\t\t<div class=\"elementor-container elementor-column-gap-default\">\n\t\t\t\t\t<div class=\"elementor-column elementor-col-100 elementor-top-column elementor-element elementor-element-a708782\" data-id=\"a708782\" data-element_type=\"column\" data-e-type=\"column\">\n\t\t\t<div class=\"elementor-widget-wrap elementor-element-populated\">\n\t\t\t\t\t\t<div class=\"elementor-element elementor-element-6754b7e elementor-widget__width-auto elementor-widget elementor-widget-global elementor-global-15020 elementor-widget-image\" data-id=\"6754b7e\" data-element_type=\"widget\" data-e-type=\"widget\" data-widget_type=\"image.default\">\n\t\t\t\t<div class=\"elementor-widget-container\">\n\t\t\t\t\t\t\t\t\t\t\t\t\t\t\t\t<a href=\"https:\/\/flagprint.ch\/submarken\/protectionframe\/\">\n\t\t\t\t\t\t\t<img fetchpriority=\"high\" decoding=\"async\" width=\"852\" height=\"140\" src=\"https:\/\/flagprint.ch\/wp-content\/uploads\/2021\/06\/protectionframe_logo_no-byline.png\" class=\"attachment-full size-full wp-image-14840\" alt=\"protectionframe logotype\" srcset=\"https:\/\/flagprint.ch\/wp-content\/uploads\/2021\/06\/protectionframe_logo_no-byline.png 852w, https:\/\/flagprint.ch\/wp-content\/uploads\/2021\/06\/protectionframe_logo_no-byline-800x131.png 800w, https:\/\/flagprint.ch\/wp-content\/uploads\/2021\/06\/protectionframe_logo_no-byline-400x66.png 400w, https:\/\/flagprint.ch\/wp-content\/uploads\/2021\/06\/protectionframe_logo_no-byline-768x126.png 768w\" sizes=\"(max-width: 852px) 100vw, 852px\" \/>\t\t\t\t\t\t\t\t<\/a>\n\t\t\t\t\t\t\t\t\t\t\t\t\t\t\t<\/div>\n\t\t\t\t<\/div>\n\t\t\t\t\t<\/div>\n\t\t<\/div>\n\t\t\t\t\t<\/div>\n\t\t<\/section>\n\t\t\t\t<section class=\"elementor-section elementor-top-section elementor-element elementor-element-f44b3d0 elementor-section-boxed elementor-section-height-default elementor-section-height-default\" data-id=\"f44b3d0\" data-element_type=\"section\" data-e-type=\"section\">\n\t\t\t\t\t\t<div class=\"elementor-container elementor-column-gap-default\">\n\t\t\t\t\t<div class=\"elementor-column elementor-col-100 elementor-top-column elementor-element elementor-element-d4754ce\" data-id=\"d4754ce\" data-element_type=\"column\" data-e-type=\"column\">\n\t\t\t<div class=\"elementor-widget-wrap elementor-element-populated\">\n\t\t\t\t\t\t<section class=\"elementor-section elementor-inner-section elementor-element elementor-element-daebadf elementor-section-boxed elementor-section-height-default elementor-section-height-default\" data-id=\"daebadf\" data-element_type=\"section\" data-e-type=\"section\">\n\t\t\t\t\t\t<div class=\"elementor-container elementor-column-gap-no\">\n\t\t\t\t\t<div class=\"elementor-column elementor-col-66 elementor-inner-column elementor-element elementor-element-9c587f2\" data-id=\"9c587f2\" data-element_type=\"column\" data-e-type=\"column\">\n\t\t\t<div class=\"elementor-widget-wrap elementor-element-populated\">\n\t\t\t\t\t\t<div class=\"elementor-element elementor-element-05f6c08 elementor-widget elementor-widget-heading\" data-id=\"05f6c08\" data-element_type=\"widget\" data-e-type=\"widget\" data-widget_type=\"heading.default\">\n\t\t\t\t<div class=\"elementor-widget-container\">\n\t\t\t\t\t<h1 class=\"elementor-heading-title elementor-size-xxl\">Cloison mobile de protection<\/h1>\t\t\t\t<\/div>\n\t\t\t\t<\/div>\n\t\t\t\t<div class=\"elementor-element elementor-element-ba721e4 lead elementor-widget elementor-widget-text-editor\" data-id=\"ba721e4\" data-element_type=\"widget\" data-e-type=\"widget\" data-widget_type=\"text-editor.default\">\n\t\t\t\t<div class=\"elementor-widget-container\">\n\t\t\t\t\t\t\t\t\t<p>L&rsquo;\u00e9l\u00e9gante cloison \u00abprotectionframe\u00bb sert d&rsquo;\u00e9l\u00e9ment d&rsquo;hygi\u00e8ne dans les espaces int\u00e9rieurs et ext\u00e9rieurs. Il offre une protection contre la transmission des maladies par les gouttelettes. Le \u00abprotectionframe\u00bb est rapide et facile \u00e0 assembler et \u00e0 d\u00e9placer. Une vitre en plastique est ins\u00e9r\u00e9e dans le cadre en aluminium, qui peut \u00eatre recouvert d&rsquo;une impression en tissu selon les besoins.<\/p>\t\t\t\t\t\t\t\t<\/div>\n\t\t\t\t<\/div>\n\t\t\t\t\t<\/div>\n\t\t<\/div>\n\t\t\t\t<div class=\"elementor-column elementor-col-33 elementor-inner-column elementor-element elementor-element-7d81958\" data-id=\"7d81958\" data-element_type=\"column\" data-e-type=\"column\">\n\t\t\t<div class=\"elementor-widget-wrap elementor-element-populated\">\n\t\t\t\t\t\t<div class=\"elementor-element elementor-element-e47faa4 elementor-widget elementor-widget-button\" data-id=\"e47faa4\" data-element_type=\"widget\" data-e-type=\"widget\" data-widget_type=\"button.default\">\n\t\t\t\t<div class=\"elementor-widget-container\">\n\t\t\t\t\t\t\t\t\t<div class=\"elementor-button-wrapper\">\n\t\t\t\t\t<a class=\"elementor-button elementor-button-link elementor-size-sm\" href=\"mailto:sales@flagprint.ch?subject=protectionframe%20-%20consultation&#038;body=Bonjour%2C%0A%0AJe%20souhaiterais%20recevoir%20des%20informations%20sur%20les%20diferentes%20formes%20et%20les%20applications%20possibles%20des%20produits%20%C2%ABprotectionframe%C2%BB.%0A%0AVeuillez%20m&#039;appeler%20au%20num%C3%A9ro%20suivant%20%3A%20%0A(Veuillez%20indiquer%20votre%20num%C3%A9ro%20de%20t%C3%A9l%C3%A9phone%20et%20votre%20disponibilit%C3%A9).%0A%0AJe%20souhaite%20prendre%20un%20rendez-vous%20personnel%20%3A%20%0A(Veuillez%20indiquer%20ici%20deux%20dates%20possibles).%0A%0ABien%20%C3%A0%20vous\" target=\"_blank\">\n\t\t\t\t\t\t<span class=\"elementor-button-content-wrapper\">\n\t\t\t\t\t\t<span class=\"elementor-button-icon\">\n\t\t\t\t<svg xmlns=\"http:\/\/www.w3.org\/2000\/svg\" viewBox=\"0 0 512 512\"><polygon fill=\"var(--ci-primary-color, currentColor)\" points=\"359.873 121.377 337.246 144.004 433.243 240.001 16 240.001 16 240.002 16 272.001 16 272.002 433.24 272.002 337.246 367.996 359.873 390.623 494.498 256 359.873 121.377\" class=\"ci-primary\"><\/polygon><\/svg>\t\t\t<\/span>\n\t\t\t\t\t\t\t\t\t<span class=\"elementor-button-text\">Je souhaite une consultation<\/span>\n\t\t\t\t\t<\/span>\n\t\t\t\t\t<\/a>\n\t\t\t\t<\/div>\n\t\t\t\t\t\t\t\t<\/div>\n\t\t\t\t<\/div>\n\t\t\t\t<div class=\"elementor-element elementor-element-7c6051c elementor-widget elementor-widget-button\" data-id=\"7c6051c\" data-element_type=\"widget\" data-e-type=\"widget\" data-widget_type=\"button.default\">\n\t\t\t\t<div class=\"elementor-widget-container\">\n\t\t\t\t\t\t\t\t\t<div class=\"elementor-button-wrapper\">\n\t\t\t\t\t<a class=\"elementor-button elementor-button-link elementor-size-sm\" href=\"https:\/\/flagprint.ch\/fr\/galerie\/#corona\" target=\"_blank\">\n\t\t\t\t\t\t<span class=\"elementor-button-content-wrapper\">\n\t\t\t\t\t\t<span class=\"elementor-button-icon\">\n\t\t\t\t<svg xmlns=\"http:\/\/www.w3.org\/2000\/svg\" viewBox=\"0 0 512 512\"><polygon fill=\"var(--ci-primary-color, currentColor)\" points=\"359.873 121.377 337.246 144.004 433.243 240.001 16 240.001 16 240.002 16 272.001 16 272.002 433.24 272.002 337.246 367.996 359.873 390.623 494.498 256 359.873 121.377\" class=\"ci-primary\"><\/polygon><\/svg>\t\t\t<\/span>\n\t\t\t\t\t\t\t\t\t<span class=\"elementor-button-text\">Galerie produits de protection<\/span>\n\t\t\t\t\t<\/span>\n\t\t\t\t\t<\/a>\n\t\t\t\t<\/div>\n\t\t\t\t\t\t\t\t<\/div>\n\t\t\t\t<\/div>\n\t\t\t\t\t<\/div>\n\t\t<\/div>\n\t\t\t\t\t<\/div>\n\t\t<\/section>\n\t\t\t\t<div class=\"elementor-element elementor-element-80277a3 elementor-widget-divider--view-line elementor-widget elementor-widget-divider\" data-id=\"80277a3\" data-element_type=\"widget\" data-e-type=\"widget\" data-widget_type=\"divider.default\">\n\t\t\t\t<div class=\"elementor-widget-container\">\n\t\t\t\t\t\t\t<div class=\"elementor-divider\">\n\t\t\t<span class=\"elementor-divider-separator\">\n\t\t\t\t\t\t<\/span>\n\t\t<\/div>\n\t\t\t\t\t\t<\/div>\n\t\t\t\t<\/div>\n\t\t\t\t<div class=\"elementor-element elementor-element-0fa7abe elementor-widget elementor-widget-heading\" data-id=\"0fa7abe\" data-element_type=\"widget\" data-e-type=\"widget\" data-widget_type=\"heading.default\">\n\t\t\t\t<div class=\"elementor-widget-container\">\n\t\t\t\t\t<h2 class=\"elementor-heading-title elementor-size-xl\">Produits<\/h2>\t\t\t\t<\/div>\n\t\t\t\t<\/div>\n\t\t\t\t\t<\/div>\n\t\t<\/div>\n\t\t\t\t\t<\/div>\n\t\t<\/section>\n\t\t\t\t<section class=\"elementor-section elementor-top-section elementor-element elementor-element-deff3d6 elementor-section-boxed elementor-section-height-default elementor-section-height-default\" data-id=\"deff3d6\" data-element_type=\"section\" data-e-type=\"section\">\n\t\t\t\t\t\t<div class=\"elementor-container elementor-column-gap-no\">\n\t\t\t\t\t<div class=\"elementor-column elementor-col-100 elementor-top-column elementor-element elementor-element-15d5955\" data-id=\"15d5955\" data-element_type=\"column\" data-e-type=\"column\">\n\t\t\t<div class=\"elementor-widget-wrap elementor-element-populated\">\n\t\t\t\t\t\t<div class=\"elementor-element elementor-element-cb84c00 flagprint-grid elementor-grid-1 elementor-grid-tablet-2 elementor-grid-mobile-1 elementor-posts--thumbnail-top elementor-widget elementor-widget-posts\" data-id=\"cb84c00\" data-element_type=\"widget\" data-e-type=\"widget\" data-settings=\"{&quot;classic_columns&quot;:&quot;1&quot;,&quot;classic_columns_tablet&quot;:&quot;2&quot;,&quot;classic_columns_mobile&quot;:&quot;1&quot;,&quot;classic_row_gap&quot;:{&quot;unit&quot;:&quot;px&quot;,&quot;size&quot;:35,&quot;sizes&quot;:[]},&quot;classic_row_gap_widescreen&quot;:{&quot;unit&quot;:&quot;px&quot;,&quot;size&quot;:&quot;&quot;,&quot;sizes&quot;:[]},&quot;classic_row_gap_laptop&quot;:{&quot;unit&quot;:&quot;px&quot;,&quot;size&quot;:&quot;&quot;,&quot;sizes&quot;:[]},&quot;classic_row_gap_tablet&quot;:{&quot;unit&quot;:&quot;px&quot;,&quot;size&quot;:&quot;&quot;,&quot;sizes&quot;:[]},&quot;classic_row_gap_mobile&quot;:{&quot;unit&quot;:&quot;px&quot;,&quot;size&quot;:&quot;&quot;,&quot;sizes&quot;:[]}}\" data-widget_type=\"posts.classic\">\n\t\t\t\t<div class=\"elementor-widget-container\">\n\t\t\t\t\t\t\t<div class=\"elementor-posts-container elementor-posts elementor-posts--skin-classic elementor-grid\" role=\"list\">\n\t\t\t\t<article class=\"elementor-post elementor-grid-item post-10618 produkte type-produkte status-publish has-post-thumbnail hentry produkt_kategorie-tout produkt_kategorie-systemes-dachiffage produkt_kategorie-point-de-vente produkt_kategorie-exposition-event produkt_kategorie-interieur produkt_kategorie-special produkt_filter-evenement-salon produkt_filter-utilisation produkt_filter-a-linterieur produkt_filter-courte produkt_filter-a-lexterieur produkt_filter-duree-de-mise-en-oeuvre produkt_filter-permanente produkt_filter-mobile produkt_filter-manifestation-dentreprise-congres produkt_filter-club-manifestation-sportive-et-culturelle produkt_filter-a-linterieur-et-a-lexterieur produkt_filter-impression-materiau produkt_filter-propriete-des-materiaux produkt_filter-hotel-gastronomie-fr-2 produkt_filter-points-de-vente-showroom produkt_filter-proprietes produkt_filter-domaines-dapplication produkt_filter-amenagement-dinterieurs-bureau-a-lespace-ouvert produkt_anwendung-evenement-salon-exposition produkt_anwendung-manifestation-dentreprise-congres produkt_anwendung-club-manifestation-sportive-et-culturelle produkt_anwendung-points-de-vente-showroom-construction-de-magasins produkt_anwendung-hotel-gastronomie produkt_anwendung-amenagement-dinterieurs-espace-ouvert produkt_material-film-pvc-transparent produkt_groesse-autres-formats-disponibles-sur-demande-3 produkt_groesse-180-200-cm-fr produkt_groesse-200-180-cm-fr produkt_groesse-130-150-cm produkt_groesse-130-200-cm-fr produkt_groesse-180-150-cm produkt__konfektion-passe-poil\" role=\"listitem\">\n\t\t\t\t<a class=\"elementor-post__thumbnail__link\" href=\"https:\/\/flagprint.ch\/fr\/produits\/paroi-de-protection-mobile-protectionframe\/\" tabindex=\"-1\" >\n\t\t\t<div class=\"elementor-post__thumbnail\"><img decoding=\"async\" width=\"800\" height=\"300\" src=\"https:\/\/flagprint.ch\/wp-content\/uploads\/2020\/05\/produkte-mobile-schutzwand-protectionframe-schutzfolie-1-1200x450.png\" class=\"attachment-large size-large wp-image-10658\" alt=\"\" srcset=\"https:\/\/flagprint.ch\/wp-content\/uploads\/2020\/05\/produkte-mobile-schutzwand-protectionframe-schutzfolie-1-1200x450.png 1200w, https:\/\/flagprint.ch\/wp-content\/uploads\/2020\/05\/produkte-mobile-schutzwand-protectionframe-schutzfolie-1-800x300.png 800w, https:\/\/flagprint.ch\/wp-content\/uploads\/2020\/05\/produkte-mobile-schutzwand-protectionframe-schutzfolie-1-400x150.png 400w, https:\/\/flagprint.ch\/wp-content\/uploads\/2020\/05\/produkte-mobile-schutzwand-protectionframe-schutzfolie-1-768x288.png 768w, https:\/\/flagprint.ch\/wp-content\/uploads\/2020\/05\/produkte-mobile-schutzwand-protectionframe-schutzfolie-1-1536x576.png 1536w, https:\/\/flagprint.ch\/wp-content\/uploads\/2020\/05\/produkte-mobile-schutzwand-protectionframe-schutzfolie-1.png 1600w\" sizes=\"(max-width: 800px) 100vw, 800px\" \/><\/div>\n\t\t<\/a>\n\t\t\t\t<div class=\"elementor-post__text\">\n\t\t\t\t<h3 class=\"elementor-post__title\">\n\t\t\t<a href=\"https:\/\/flagprint.ch\/fr\/produits\/paroi-de-protection-mobile-protectionframe\/\" >\n\t\t\t\tParoi de protection mobile protectionframe\t\t\t<\/a>\n\t\t<\/h3>\n\t\t\t\t<div class=\"elementor-post__excerpt\">\n\t\t\t<p>Paroi de s\u00e9paration pour la protection des clients et collaborateurs<\/p>\n\t\t<\/div>\n\t\t\t\t<\/div>\n\t\t\t\t<\/article>\n\t\t\t\t<\/div>\n\t\t\n\t\t\t\t\t\t<\/div>\n\t\t\t\t<\/div>\n\t\t\t\t<div class=\"elementor-element elementor-element-d5625e1 elementor-widget elementor-widget-button\" data-id=\"d5625e1\" data-element_type=\"widget\" data-e-type=\"widget\" data-widget_type=\"button.default\">\n\t\t\t\t<div class=\"elementor-widget-container\">\n\t\t\t\t\t\t\t\t\t<div class=\"elementor-button-wrapper\">\n\t\t\t\t\t<a class=\"elementor-button elementor-button-link elementor-size-sm\" href=\"https:\/\/flagprint.ch\/fr\/produits\/#filter=.produkt_kategorie-produits-de-protection-corona\" target=\"_blank\">\n\t\t\t\t\t\t<span class=\"elementor-button-content-wrapper\">\n\t\t\t\t\t\t<span class=\"elementor-button-icon\">\n\t\t\t\t<svg xmlns=\"http:\/\/www.w3.org\/2000\/svg\" viewBox=\"0 0 512 512\"><polygon fill=\"var(--ci-primary-color, currentColor)\" points=\"359.873 121.377 337.246 144.004 433.243 240.001 16 240.001 16 240.002 16 272.001 16 272.002 433.24 272.002 337.246 367.996 359.873 390.623 494.498 256 359.873 121.377\" class=\"ci-primary\"><\/polygon><\/svg>\t\t\t<\/span>\n\t\t\t\t\t\t\t\t\t<span class=\"elementor-button-text\">Tous les produits de protection<\/span>\n\t\t\t\t\t<\/span>\n\t\t\t\t\t<\/a>\n\t\t\t\t<\/div>\n\t\t\t\t\t\t\t\t<\/div>\n\t\t\t\t<\/div>\n\t\t\t\t\t<\/div>\n\t\t<\/div>\n\t\t\t\t\t<\/div>\n\t\t<\/section>\n\t\t\t\t<section class=\"elementor-section elementor-top-section elementor-element elementor-element-0a5abea elementor-section-boxed elementor-section-height-default elementor-section-height-default\" data-id=\"0a5abea\" data-element_type=\"section\" data-e-type=\"section\">\n\t\t\t\t\t\t<div class=\"elementor-container elementor-column-gap-default\">\n\t\t\t\t\t<div class=\"elementor-column elementor-col-100 elementor-top-column elementor-element elementor-element-d776d6a\" data-id=\"d776d6a\" data-element_type=\"column\" data-e-type=\"column\">\n\t\t\t<div class=\"elementor-widget-wrap elementor-element-populated\">\n\t\t\t\t\t\t<div class=\"elementor-element elementor-element-9f8d128 elementor-widget-divider--view-line elementor-widget elementor-widget-divider\" data-id=\"9f8d128\" data-element_type=\"widget\" data-e-type=\"widget\" data-widget_type=\"divider.default\">\n\t\t\t\t<div class=\"elementor-widget-container\">\n\t\t\t\t\t\t\t<div class=\"elementor-divider\">\n\t\t\t<span class=\"elementor-divider-separator\">\n\t\t\t\t\t\t<\/span>\n\t\t<\/div>\n\t\t\t\t\t\t<\/div>\n\t\t\t\t<\/div>\n\t\t\t\t<div class=\"elementor-element elementor-element-e957054 elementor-widget elementor-widget-heading\" data-id=\"e957054\" data-element_type=\"widget\" data-e-type=\"widget\" data-widget_type=\"heading.default\">\n\t\t\t\t<div class=\"elementor-widget-container\">\n\t\t\t\t\t<h2 class=\"elementor-heading-title elementor-size-xl\">R\u00e9f\u00e9rences<\/h2>\t\t\t\t<\/div>\n\t\t\t\t<\/div>\n\t\t\t\t\t<\/div>\n\t\t<\/div>\n\t\t\t\t\t<\/div>\n\t\t<\/section>\n\t\t\t\t<section class=\"elementor-section elementor-top-section elementor-element elementor-element-4899c4d elementor-section-boxed elementor-section-height-default elementor-section-height-default\" data-id=\"4899c4d\" data-element_type=\"section\" data-e-type=\"section\">\n\t\t\t\t\t\t<div class=\"elementor-container elementor-column-gap-no\">\n\t\t\t\t\t<div class=\"elementor-column elementor-col-100 elementor-top-column elementor-element elementor-element-fdd1eef\" data-id=\"fdd1eef\" data-element_type=\"column\" data-e-type=\"column\">\n\t\t\t<div class=\"elementor-widget-wrap elementor-element-populated\">\n\t\t\t\t\t\t<div class=\"elementor-element elementor-element-f2e95a8 flagprint-grid elementor-grid-1 elementor-grid-tablet-2 elementor-grid-mobile-1 elementor-posts--thumbnail-top elementor-widget elementor-widget-posts\" data-id=\"f2e95a8\" data-element_type=\"widget\" data-e-type=\"widget\" data-settings=\"{&quot;classic_columns&quot;:&quot;1&quot;,&quot;classic_columns_tablet&quot;:&quot;2&quot;,&quot;classic_columns_mobile&quot;:&quot;1&quot;,&quot;classic_row_gap&quot;:{&quot;unit&quot;:&quot;px&quot;,&quot;size&quot;:35,&quot;sizes&quot;:[]},&quot;classic_row_gap_widescreen&quot;:{&quot;unit&quot;:&quot;px&quot;,&quot;size&quot;:&quot;&quot;,&quot;sizes&quot;:[]},&quot;classic_row_gap_laptop&quot;:{&quot;unit&quot;:&quot;px&quot;,&quot;size&quot;:&quot;&quot;,&quot;sizes&quot;:[]},&quot;classic_row_gap_tablet&quot;:{&quot;unit&quot;:&quot;px&quot;,&quot;size&quot;:&quot;&quot;,&quot;sizes&quot;:[]},&quot;classic_row_gap_mobile&quot;:{&quot;unit&quot;:&quot;px&quot;,&quot;size&quot;:&quot;&quot;,&quot;sizes&quot;:[]}}\" data-widget_type=\"posts.classic\">\n\t\t\t\t<div class=\"elementor-widget-container\">\n\t\t\t\t\t\t\t<div class=\"elementor-posts-container elementor-posts elementor-posts--skin-classic elementor-grid\" role=\"list\">\n\t\t\t\t<article class=\"elementor-post elementor-grid-item post-13540 post type-post status-publish format-standard has-post-thumbnail hentry category-references category-tout-fr category-systemes-daffichage category-exposition-event category-interieur category-point-de-vente tag-protectionframe-fr tag-nachhaltig-fr tag-coronavirus-fr tag-schutzwand-fr tag-trennwand-fr\" role=\"listitem\">\n\t\t\t\t<a class=\"elementor-post__thumbnail__link\" href=\"https:\/\/flagprint.ch\/fr\/references\/protectionframe-pour-le-cafe-federal\/\" tabindex=\"-1\" >\n\t\t\t<div class=\"elementor-post__thumbnail\"><img decoding=\"async\" width=\"800\" height=\"600\" src=\"https:\/\/flagprint.ch\/wp-content\/uploads\/2020\/05\/Titelbild-Referenzen-cafe-federal-bern-protectionframe-flagprint-1200x900-1.jpg\" class=\"attachment-large size-large wp-image-11016\" alt=\"Mit dem protectionframe von flagprint erm\u00f6glicht das Altersheim Domicil Mon Bijou seinen Bewohnern auch w\u00e4hrend der Corona-Pandemie Besuch zu empfangen und dabei sich wie auch die G\u00e4ste vor einer Ansteckung zu sch\u00fctzen.\" srcset=\"https:\/\/flagprint.ch\/wp-content\/uploads\/2020\/05\/Titelbild-Referenzen-cafe-federal-bern-protectionframe-flagprint-1200x900-1.jpg 1200w, https:\/\/flagprint.ch\/wp-content\/uploads\/2020\/05\/Titelbild-Referenzen-cafe-federal-bern-protectionframe-flagprint-1200x900-1-800x600.jpg 800w, https:\/\/flagprint.ch\/wp-content\/uploads\/2020\/05\/Titelbild-Referenzen-cafe-federal-bern-protectionframe-flagprint-1200x900-1-400x300.jpg 400w, https:\/\/flagprint.ch\/wp-content\/uploads\/2020\/05\/Titelbild-Referenzen-cafe-federal-bern-protectionframe-flagprint-1200x900-1-768x576.jpg 768w\" sizes=\"(max-width: 800px) 100vw, 800px\" \/><\/div>\n\t\t<\/a>\n\t\t\t\t<div class=\"elementor-post__text\">\n\t\t\t\t<h3 class=\"elementor-post__title\">\n\t\t\t<a href=\"https:\/\/flagprint.ch\/fr\/references\/protectionframe-pour-le-cafe-federal\/\" >\n\t\t\t\tprotectionframe pour le Caf\u00e9 F\u00e9d\u00e9ral\t\t\t<\/a>\n\t\t<\/h3>\n\t\t\t\t<div class=\"elementor-post__excerpt\">\n\t\t\t<p>Gr\u00e2ce \u00e0 la paroi de protection protectionframe de flagprint, les restaurants peuvent assurer un taux d\u2019occupation proche des 100\u00a0%, m\u00eame en p\u00e9riode de pand\u00e9mie.<\/p>\n\t\t<\/div>\n\t\t\t\t<\/div>\n\t\t\t\t<\/article>\n\t\t\t\t<\/div>\n\t\t\n\t\t\t\t\t\t<\/div>\n\t\t\t\t<\/div>\n\t\t\t\t\t<\/div>\n\t\t<\/div>\n\t\t\t\t\t<\/div>\n\t\t<\/section>\n\t\t\t\t<\/div>\n\t\t","protected":false},"excerpt":{"rendered":"<p>Cloison mobile de protection L&rsquo;\u00e9l\u00e9gante cloison \u00abprotectionframe\u00bb sert d&rsquo;\u00e9l\u00e9ment d&rsquo;hygi\u00e8ne dans les espaces int\u00e9rieurs et ext\u00e9rieurs. Il offre une protection contre la transmission des maladies par les gouttelettes. Le \u00abprotectionframe\u00bb est rapide et facile \u00e0 assembler et \u00e0 d\u00e9placer. Une vitre en plastique est ins\u00e9r\u00e9e dans le cadre en aluminium, qui peut \u00eatre recouvert d&rsquo;une [&hellip;]<\/p>\n","protected":false},"author":6,"featured_media":10648,"parent":11131,"menu_order":3,"comment_status":"closed","ping_status":"closed","template":"","meta":{"footnotes":""},"class_list":["post-14909","page","type-page","status-publish","has-post-thumbnail","hentry"],"_links":{"self":[{"href":"https:\/\/flagprint.ch\/fr\/wp-json\/wp\/v2\/pages\/14909","targetHints":{"allow":["GET"]}}],"collection":[{"href":"https:\/\/flagprint.ch\/fr\/wp-json\/wp\/v2\/pages"}],"about":[{"href":"https:\/\/flagprint.ch\/fr\/wp-json\/wp\/v2\/types\/page"}],"author":[{"embeddable":true,"href":"https:\/\/flagprint.ch\/fr\/wp-json\/wp\/v2\/users\/6"}],"replies":[{"embeddable":true,"href":"https:\/\/flagprint.ch\/fr\/wp-json\/wp\/v2\/comments?post=14909"}],"version-history":[{"count":0,"href":"https:\/\/flagprint.ch\/fr\/wp-json\/wp\/v2\/pages\/14909\/revisions"}],"up":[{"embeddable":true,"href":"https:\/\/flagprint.ch\/fr\/wp-json\/wp\/v2\/pages\/11131"}],"wp:featuredmedia":[{"embeddable":true,"href":"https:\/\/flagprint.ch\/fr\/wp-json\/wp\/v2\/media\/10648"}],"wp:attachment":[{"href":"https:\/\/flagprint.ch\/fr\/wp-json\/wp\/v2\/media?parent=14909"}],"curies":[{"name":"wp","href":"https:\/\/api.w.org\/{rel}","templated":true}]}}